{"id":73,"date":"2023-10-03T07:44:42","date_gmt":"2023-10-03T07:44:42","guid":{"rendered":"https:\/\/casulo.com.pt\/?page_id=73"},"modified":"2025-02-14T15:17:40","modified_gmt":"2025-02-14T14:17:40","slug":"contato","status":"publish","type":"page","link":"https:\/\/casulo.pt\/en\/contato\/","title":{"rendered":"Contact Us"},"content":{"rendered":"<div data-elementor-type=\"wp-page\" data-elementor-id=\"73\" class=\"elementor elementor-73\" data-elementor-post-type=\"page\">\n\t\t\t\t<div class=\"elementor-element elementor-element-885eb91 e-con-full e-flex e-con e-parent\" data-id=\"885eb91\" data-element_type=\"container\" data-e-type=\"container\">\n\t\t\t\t<div class=\"elementor-element elementor-element-48d8b77 elementor-widget elementor-widget-Contact_Form\" data-id=\"48d8b77\" data-element_type=\"widget\" data-e-type=\"widget\" data-widget_type=\"Contact_Form.default\">\n\t\t\t\t<div class=\"elementor-widget-container\">\n\t\t\t\t\t\r\n        <div class=\"contact-warp ptb-125\">\r\n            <div class=\"container\">\r\n                <div class=\"row\">\r\n                    <div class=\"col-lg-8\">\r\n                        <div class=\"contact-form\">\r\n                            <h3>\r\n                                Do you have any questions? We can help!                            <\/h3>\r\n                            \n<div class=\"wpcf7 no-js\" id=\"wpcf7-f1373-o1\" lang=\"en-US\" dir=\"ltr\" data-wpcf7-id=\"1373\">\n<div class=\"screen-reader-response\"><p role=\"status\" aria-live=\"polite\" aria-atomic=\"true\"><\/p> <ul><\/ul><\/div>\n<form action=\"\/en\/wp-json\/wp\/v2\/pages\/73#wpcf7-f1373-o1\" method=\"post\" class=\"wpcf7-form init\" aria-label=\"Contact form\" novalidate=\"novalidate\" data-status=\"init\" data-trp-original-action=\"\/en\/wp-json\/wp\/v2\/pages\/73#wpcf7-f1373-o1\">\n<fieldset class=\"hidden-fields-container\"><input type=\"hidden\" name=\"_wpcf7\" value=\"1373\" \/><input type=\"hidden\" name=\"_wpcf7_version\" value=\"6.1.5\" \/><input type=\"hidden\" name=\"_wpcf7_locale\" value=\"en_US\" \/><input type=\"hidden\" name=\"_wpcf7_unit_tag\" value=\"wpcf7-f1373-o1\" \/><input type=\"hidden\" name=\"_wpcf7_container_post\" value=\"0\" \/><input type=\"hidden\" name=\"_wpcf7_posted_data_hash\" value=\"\" \/>\n<\/fieldset>\n<div class=\"row\">\n\t<div class=\"col-lg-6\">\n\t\t<div class=\"input-box\">\n\t\t\t<p><label for=\"exampleFormControlInput1\" class=\"form-label\">NAME<\/label><br \/>\n<span class=\"wpcf7-form-control-wrap\" data-name=\"frname\"><input size=\"40\" maxlength=\"400\" class=\"wpcf7-form-control wpcf7-text wpcf7-validates-as-required form-control\" id=\"exampleFormControlInput1\" aria-required=\"true\" aria-invalid=\"false\" placeholder=\"\" value=\"\" type=\"text\" name=\"frname\" \/><\/span>\n\t\t\t<\/p>\n\t\t<\/div>\n\t<\/div>\n\t<div class=\"col-lg-6\">\n\t\t<div class=\"input-box\">\n\t\t\t<p><label for=\"exampleFormControlInput1\" class=\"form-label\">SURNAME<\/label><br \/>\n<span class=\"wpcf7-form-control-wrap\" data-name=\"lastName\"><input size=\"40\" maxlength=\"400\" class=\"wpcf7-form-control wpcf7-text wpcf7-validates-as-required form-control\" id=\"exampleFormControlInput2\" aria-required=\"true\" aria-invalid=\"false\" placeholder=\"\" value=\"\" type=\"text\" name=\"lastName\" \/><\/span>\n\t\t\t<\/p>\n\t\t<\/div>\n\t<\/div>\n\t<div class=\"col-lg-6\">\n\t\t<div class=\"input-box\">\n\t\t\t<p><label for=\"exampleFormControlInput1\" class=\"form-label\">EMAIL ADDRESS<\/label><br \/>\n<span class=\"wpcf7-form-control-wrap\" data-name=\"youremail\"><input size=\"40\" maxlength=\"400\" class=\"wpcf7-form-control wpcf7-email wpcf7-validates-as-required wpcf7-text wpcf7-validates-as-email form-control\" id=\"exampleFormControlInput3\" aria-required=\"true\" aria-invalid=\"false\" placeholder=\"\" value=\"\" type=\"email\" name=\"youremail\" \/><\/span>\n\t\t\t<\/p>\n\t\t<\/div>\n\t<\/div>\n\t<div class=\"col-lg-6\">\n\t\t<div class=\"input-box\">\n\t\t\t<p><label for=\"exampleFormControlInput1\" class=\"form-label\">PHONE NUMBER<\/label><br \/>\n<span class=\"wpcf7-form-control-wrap\" data-name=\"phonenumber\"><input class=\"wpcf7-form-control wpcf7-number wpcf7-validates-as-required wpcf7-validates-as-number form-control\" id=\"exampleFormControlInput4\" aria-required=\"true\" aria-invalid=\"false\" placeholder=\"\" value=\"\" type=\"number\" name=\"phonenumber\" \/><\/span>\n\t\t\t<\/p>\n\t\t<\/div>\n\t<\/div>\n\t<div class=\"col-lg-12\">\n\t\t<div class=\"input-box\">\n\t\t\t<p><label for=\"exampleFormControlInput1\" class=\"form-label\">YOUR MESSAGE<\/label><br \/>\n<span class=\"wpcf7-form-control-wrap\" data-name=\"textarea-454\"><textarea cols=\"40\" rows=\"10\" maxlength=\"2000\" class=\"wpcf7-form-control wpcf7-textarea wpcf7-validates-as-required form-control\" id=\"exampleFormControlInput5\" aria-required=\"true\" aria-invalid=\"false\" name=\"textarea-454\"><\/textarea><\/span>\n\t\t\t<\/p>\n\t\t<\/div>\n\t<\/div>\n\t<div class=\"col-lg-6\">\n\t\t<p><button class=\"default-btn\" type=\"submit\">Send Message Now<\/button>\n\t\t<\/p>\n\t<\/div>\n<\/div><div class=\"wpcf7-response-output\" aria-hidden=\"true\"><\/div>\n<input type=\"hidden\" name=\"trp-form-language\" value=\"en\"\/><\/form>\n<\/div>\n                        <\/div>\r\n                    <\/div>\r\n                    <div class=\"col-lg-4\">\r\n                        <div class=\"contact-widget\">\r\n                                                            <h3>Contact Information<\/h3>\r\n                                                                                        <div class=\"contact-item-box\">\r\n                                       \r\n                                        <h3>\r\n                                            <img decoding=\"async\" src=\"https:\/\/casulo.pt\/wp-content\/uploads\/2023\/10\/contact1.svg\" alt=\"images\">\r\n                                            Where We Are                                        <\/h3>\r\n                                                                                                                <h6>Av\u00aa General Humberto Delgado, n.\u00ba 215, 2410-250 Leiria<\/h6><p><a href=\"\/en\/como-chegar\/\"><strong>How to reach us<\/strong><\/a><\/p>                                                                    <\/div>\r\n                                                            <div class=\"contact-item-box\">\r\n                                       \r\n                                        <h3>\r\n                                            <img decoding=\"async\" src=\"https:\/\/casulo.pt\/wp-content\/uploads\/2023\/10\/contact2.svg\" alt=\"images\">\r\n                                            Telephone                                        <\/h3>\r\n                                                                                                                <p><a class=\"phone\" href=\"tel:244882330\">244 882 330<\/a>* \/<br \/><a class=\"phone\" href=\"tel:244201879\">244 201 879<\/a>*<\/p>                                                                    <\/div>\r\n                                                            <div class=\"contact-item-box\">\r\n                                       \r\n                                        <h3>\r\n                                            <img decoding=\"async\" src=\"https:\/\/casulo.pt\/wp-content\/uploads\/2023\/10\/contact3.svg\" alt=\"images\">\r\n                                            Email                                        <\/h3>\r\n                                                                                                                <p><a href=\"mailto:geral@casulo.pt\">geral@casulo.pt<\/a><\/p>                                                                    <\/div>\r\n                                                            <div class=\"contact-item-box\">\r\n                                                                                                                <div class=\"social-icons\"><a href=\"https:\/\/www.facebook.com\/casulo.leiria\/?locale=pt_PT\" target=\"_blank\" rel=\"noopener\">\n<i class=\"fab fa-facebook\"><\/i>\n<\/a>\n<a href=\"https:\/\/www.instagram.com\/casuloloungecaffe\/\" target=\"_blank\" rel=\"noopener\">\n<i class=\"fab fa-instagram\"><\/i>\n<\/a><\/div>                                                                    <\/div>\r\n                                                    <\/div>\r\n                    <\/div>\r\n                <\/div>\r\n            <\/div>\r\n        <\/div>\r\n\r\n        \t\t\t\t<\/div>\n\t\t\t\t<\/div>\n\t\t\t\t<\/div>\n\t\t\t\t<\/div>","protected":false},"excerpt":{"rendered":"<p>Tem alguma d\u00favida? Podemos ajudar! NOME APELIDO ENDERE\u00c7O DE EMAIL N\u00daMERO DE TELEFONE A SUA MENSAGEM Enviar Mensagem Agora Informa\u00e7\u00f5es de Contato Localiza\u00e7\u00e3o Av\u00aa General Humberto Delgado, n.\u00ba 215, 2410-250 Leiria Como chegar at\u00e9 n\u00f3s Telefone 244 882 330* \/244 201 879* Email geral@casulo.pt<\/p>","protected":false},"author":1,"featured_media":0,"parent":0,"menu_order":0,"comment_status":"closed","ping_status":"closed","template":"","meta":{"_acf_changed":false,"footnotes":""},"class_list":["post-73","page","type-page","status-publish","hentry"],"acf":[],"_links":{"self":[{"href":"https:\/\/casulo.pt\/en\/wp-json\/wp\/v2\/pages\/73","targetHints":{"allow":["GET"]}}],"collection":[{"href":"https:\/\/casulo.pt\/en\/wp-json\/wp\/v2\/pages"}],"about":[{"href":"https:\/\/casulo.pt\/en\/wp-json\/wp\/v2\/types\/page"}],"author":[{"embeddable":true,"href":"https:\/\/casulo.pt\/en\/wp-json\/wp\/v2\/users\/1"}],"replies":[{"embeddable":true,"href":"https:\/\/casulo.pt\/en\/wp-json\/wp\/v2\/comments?post=73"}],"version-history":[{"count":29,"href":"https:\/\/casulo.pt\/en\/wp-json\/wp\/v2\/pages\/73\/revisions"}],"predecessor-version":[{"id":2271,"href":"https:\/\/casulo.pt\/en\/wp-json\/wp\/v2\/pages\/73\/revisions\/2271"}],"wp:attachment":[{"href":"https:\/\/casulo.pt\/en\/wp-json\/wp\/v2\/media?parent=73"}],"curies":[{"name":"wp","href":"https:\/\/api.w.org\/{rel}","templated":true}]}}