{"id":51,"date":"2023-10-03T07:30:10","date_gmt":"2023-10-03T07:30:10","guid":{"rendered":"https:\/\/casulo.com.pt\/?page_id=51"},"modified":"2025-02-23T21:35:35","modified_gmt":"2025-02-23T20:35:35","slug":"sobre-nos","status":"publish","type":"page","link":"https:\/\/casulo.pt\/en\/sobre-nos\/","title":{"rendered":"About Us"},"content":{"rendered":"<div data-elementor-type=\"wp-page\" data-elementor-id=\"51\" class=\"elementor elementor-51\" data-elementor-post-type=\"page\">\n\t\t\t\t<div class=\"elementor-element elementor-element-9943249 e-flex e-con-boxed e-con e-parent\" data-id=\"9943249\" data-element_type=\"container\" data-e-type=\"container\">\n\t\t\t\t\t<div class=\"e-con-inner\">\n\t\t\t\t<div class=\"elementor-element elementor-element-0888f08 elementor-widget elementor-widget-about-widget\" data-id=\"0888f08\" data-element_type=\"widget\" data-e-type=\"widget\" data-widget_type=\"about-widget.default\">\n\t\t\t\t<div class=\"elementor-widget-container\">\n\t\t\t\t\t\r\n         \r\n\r\n            <div class=\"about-warp ptb-125\">\r\n                <div class=\"container\">\r\n                    <div class=\"row justify-content-center align-items-center\">\r\n                                                    <div class=\"col-lg-6\" data-cues=\"fadeInLeft\">\r\n                                <div class=\"about-image\">\r\n                                    <img decoding=\"async\" src=\"https:\/\/casulo.pt\/wp-content\/uploads\/2024\/12\/Rececao01.jpg\" alt=\"Images\">\r\n                                <\/div>    \r\n                            <\/div>\r\n                                                <div class=\"col-lg-6\" data-cues=\"fadeInUp\">\r\n                            <div class=\"about-content single-section\">\r\n                                                                    <span class=\"title\">#Your Low Cost Stay Over<\/span>\r\n                                                                <h2>Modern apartments in the heart of Leiria, Portugal<\/h2>\r\n                                                                    <p>Casulo offers affordable and comfortable accommodation in Leiria, perfect for students, professionals and seniors. Enjoy a welcoming environment with all the amenities for a peaceful stay.<\/p>\r\n                                                                                                    <a href=\"https:\/\/casulo.com.pt\/tipos-de-apartamentos\/\" class=\"default-btn style2\">See rooms<\/a>\r\n                                                            <\/div>\r\n                        <\/div>\r\n                        <div class=\"col-lg-5\" data-cues=\"fadeInLeft\">\r\n                            <div class=\"about-another-widget\">\r\n                                                                    <div class=\"about-last-image\">\r\n                                        <img decoding=\"async\" src=\"https:\/\/casulo.pt\/wp-content\/uploads\/2024\/12\/Rececao02.jpg\" alt=\"Images\">\r\n                                    <\/div>\r\n                                \r\n                                <div class=\"main-about-content\">\r\n                                                                    <\/div>\r\n                            <\/div>\r\n                        <\/div>\r\n                    <\/div>\r\n                <\/div>\r\n                <div class=\"all-shapes\">\r\n                                    <\/div>\r\n            <\/div>\r\n\r\n        \r\n        \t\t\t\t<\/div>\n\t\t\t\t<\/div>\n\t\t\t\t\t<\/div>\n\t\t\t\t<\/div>\n\t\t<div class=\"elementor-element elementor-element-14eb1dc e-flex e-con-boxed e-con e-parent\" data-id=\"14eb1dc\" data-element_type=\"container\" data-e-type=\"container\">\n\t\t\t\t\t<div class=\"e-con-inner\">\n\t\t<div class=\"elementor-element elementor-element-c52e30f e-con-full e-flex e-con e-child\" data-id=\"c52e30f\" data-element_type=\"container\" data-e-type=\"container\">\n\t\t\t\t<div class=\"elementor-element elementor-element-ec10e88 elementor-widget elementor-widget-heading\" data-id=\"ec10e88\" data-element_type=\"widget\" data-e-type=\"widget\" data-widget_type=\"heading.default\">\n\t\t\t\t<div class=\"elementor-widget-container\">\n\t\t\t\t\t<h2 class=\"elementor-heading-title elementor-size-default\">Mission<\/h2>\t\t\t\t<\/div>\n\t\t\t\t<\/div>\n\t\t\t\t<div class=\"elementor-element elementor-element-a80db5d elementor-widget elementor-widget-text-editor\" data-id=\"a80db5d\" data-element_type=\"widget\" data-e-type=\"widget\" data-widget_type=\"text-editor.default\">\n\t\t\t\t<div class=\"elementor-widget-container\">\n\t\t\t\t\t\t\t\t\t<p>Respond decisively to a market shortage of quality, low-cost accommodation, through an accommodation service that includes a set of added value focused on customer satisfaction.<\/p><p>Aimed at students from all walks of life, professionals and seniors (tourism, health treatments, etc.)<\/p>\t\t\t\t\t\t\t\t<\/div>\n\t\t\t\t<\/div>\n\t\t\t\t<\/div>\n\t\t<div class=\"elementor-element elementor-element-a418c4b e-con-full e-flex e-con e-child\" data-id=\"a418c4b\" data-element_type=\"container\" data-e-type=\"container\">\n\t\t\t\t<div class=\"elementor-element elementor-element-01ebb6b elementor-widget elementor-widget-heading\" data-id=\"01ebb6b\" data-element_type=\"widget\" data-e-type=\"widget\" data-widget_type=\"heading.default\">\n\t\t\t\t<div class=\"elementor-widget-container\">\n\t\t\t\t\t<h2 class=\"elementor-heading-title elementor-size-default\">Vision<\/h2>\t\t\t\t<\/div>\n\t\t\t\t<\/div>\n\t\t\t\t<div class=\"elementor-element elementor-element-eb2b2a9 elementor-widget elementor-widget-text-editor\" data-id=\"eb2b2a9\" data-element_type=\"widget\" data-e-type=\"widget\" data-widget_type=\"text-editor.default\">\n\t\t\t\t<div class=\"elementor-widget-container\">\n\t\t\t\t\t\t\t\t\t<p>Casulo aims to be a reference in the regional market for quality, low-cost accommodation and serve as an anchor for a demanding national and international public.<\/p>\t\t\t\t\t\t\t\t<\/div>\n\t\t\t\t<\/div>\n\t\t\t\t<\/div>\n\t\t\t\t\t<\/div>\n\t\t\t\t<\/div>\n\t\t\t\t<\/div>","protected":false},"excerpt":{"rendered":"<p>#Your Low Cost Stay Over Apartamentos modernos no cora\u00e7\u00e3o de Leiria, Portugal O Casulo oferece alojamento acess\u00edvel e confort\u00e1vel em Leiria, perfeito para estudantes, profissionais e s\u00e9niores. Desfrute de um ambiente acolhedor com todas as comodidades para uma estadia tranquila. Ver alojamentos Miss\u00e3o Responder com determina\u00e7\u00e3o a uma car\u00eancia do mercado de alojamento de qualidade <\/p>","protected":false},"author":1,"featured_media":0,"parent":0,"menu_order":0,"comment_status":"closed","ping_status":"closed","template":"","meta":{"_acf_changed":false,"footnotes":""},"class_list":["post-51","page","type-page","status-publish","hentry"],"acf":[],"_links":{"self":[{"href":"https:\/\/casulo.pt\/en\/wp-json\/wp\/v2\/pages\/51","targetHints":{"allow":["GET"]}}],"collection":[{"href":"https:\/\/casulo.pt\/en\/wp-json\/wp\/v2\/pages"}],"about":[{"href":"https:\/\/casulo.pt\/en\/wp-json\/wp\/v2\/types\/page"}],"author":[{"embeddable":true,"href":"https:\/\/casulo.pt\/en\/wp-json\/wp\/v2\/users\/1"}],"replies":[{"embeddable":true,"href":"https:\/\/casulo.pt\/en\/wp-json\/wp\/v2\/comments?post=51"}],"version-history":[{"count":52,"href":"https:\/\/casulo.pt\/en\/wp-json\/wp\/v2\/pages\/51\/revisions"}],"predecessor-version":[{"id":2368,"href":"https:\/\/casulo.pt\/en\/wp-json\/wp\/v2\/pages\/51\/revisions\/2368"}],"wp:attachment":[{"href":"https:\/\/casulo.pt\/en\/wp-json\/wp\/v2\/media?parent=51"}],"curies":[{"name":"wp","href":"https:\/\/api.w.org\/{rel}","templated":true}]}}