{"id":1802,"date":"2024-08-29T08:24:59","date_gmt":"2024-08-29T08:24:59","guid":{"rendered":"https:\/\/casulo.com.pt\/?page_id=1802"},"modified":"2024-08-29T09:20:55","modified_gmt":"2024-08-29T09:20:55","slug":"como-chegar","status":"publish","type":"page","link":"https:\/\/casulo.pt\/en\/como-chegar\/","title":{"rendered":"How to get there"},"content":{"rendered":"<div data-elementor-type=\"wp-page\" data-elementor-id=\"1802\" class=\"elementor elementor-1802\" data-elementor-post-type=\"page\">\n\t\t\t\t<div class=\"elementor-element elementor-element-8dbb07e e-flex e-con-boxed e-con e-parent\" data-id=\"8dbb07e\" data-element_type=\"container\" data-e-type=\"container\">\n\t\t\t\t\t<div class=\"e-con-inner\">\n\t\t\t\t<div class=\"elementor-element elementor-element-c53ef81 elementor-widget__width-initial elementor-widget elementor-widget-text-editor\" data-id=\"c53ef81\" data-element_type=\"widget\" data-e-type=\"widget\" data-widget_type=\"text-editor.default\">\n\t\t\t\t<div class=\"elementor-widget-container\">\n\t\t\t\t\t\t\t\t\t<p><span style=\"font-weight: bolder;\"><span class=\"laranja\">\u00a0<\/span><\/span><\/p><p><span style=\"font-weight: bolder;\"><span class=\"laranja\">At the Airport<\/span><br \/><\/span>Lisbon: you can find all the necessary information at\u00a0<a style=\"transition: var(--transition);\" href=\"http:\/\/www.metrolisboa.pt\/\" target=\"_blank\" rel=\"noopener\">www.metrolisboa.pt<\/a>\u00a0<br \/>Porto: information available at\u00a0<a style=\"transition: var(--transition);\" href=\"http:\/\/www.metrodoporto.pt\/\" target=\"_blank\" rel=\"noopener\">www.metrodoporto.pt<\/a><\/p><p>\u00a0<\/p><p class=\"translation-block\"><span style=\"font-weight: bolder\">By car<\/span><br>For those travelling from the\u00a0<span style=\"font-weight: bolder\">South<\/span>, the best way is to take the A1 motorway towards \u201cNorth\u201d or the A8 motorway towards \u201cNorth\u201d and take the first exit towards \u201cLeiria Sul\u201d.<\/p><p class=\"translation-block\">For those coming from the <span style=\"font-weight: bolder\">North<\/span>, coming via the A1, you should take the only exit for \u201cLeiria\u201d. If you are using the A29 and A17 motorways, head towards \u201cSouth\u201d and take the second exit for \u201cLeiria Sul\u201d.<\/p><p class=\"translation-block\">For those coming from <span style=\"font-weight: bolder\">Beiras<\/span>, you can take the A23 motorway towards Torres Novas and then take the A1 motorway towards \u201cNorth\u201d or, alternatively, take the A25 motorway towards Aveiro and then take the A1 motorway towards \u201cSouth\u201d.<\/p><p>\u00a0<\/p><p><span class=\"laranja\" style=\"font-weight: bolder;\">By bus<\/span><br \/>Leiria is well connected by the express bus network and the bus station is located in the city centre, making it an excellent alternative for getting to the city. For more information about buses and their timetables, visit the website\u00a0<a style=\"transition: var(--transition);\" href=\"http:\/\/www.rede-expressos.pt\/\" target=\"_blank\" rel=\"noopener\">www.rede-expressos.pt<\/a>\u00a0and the Tejo Bus Station\u00a0<a style=\"transition: var(--transition);\" href=\"http:\/\/www.rodotejo.pt\/\" target=\"_blank\" rel=\"noopener\">www.rodotejo.pt.<\/a><\/p><p>\u00a0<\/p><p><span class=\"laranja\" style=\"font-weight: bolder;\">By train<\/span><br \/>If you are coming from the South, take the Oeste line (about four hours between Lisbon and Leiria) and if you are coming from the North, take the Oeste line (passing through Figueira da Foz to Leiria or through Coimbra-B towards Leiria).<br \/>For more information about trains and their timetables, visit the website\u00a0<a style=\"transition: var(--transition);\" href=\"http:\/\/www.cp.pt\/\" target=\"_blank\" rel=\"noopener\">www.cp.pt<\/a>.<\/p><p>\u00a0<\/p><p><span style=\"font-weight: bolder;\">In Leiria<\/span><br \/>You can use the Mobilis network to travel within Leiria. More information at\u00a0<a style=\"transition: var(--transition);\" href=\"https:\/\/mobilis.pt\/\">https:\/\/mobilis.pt\/<\/a>.<\/p><p>\u00a0<\/p><p>\u00a0<\/p><p>\u00a0<\/p>\t\t\t\t\t\t\t\t<\/div>\n\t\t\t\t<\/div>\n\t\t\t\t\t<\/div>\n\t\t\t\t<\/div>\n\t\t\t\t<\/div>","protected":false},"excerpt":{"rendered":"<p>\u00a0 No AeroportoLisboa: poder\u00e1 encontrar toda a informa\u00e7\u00e3o necess\u00e1ria em\u00a0www.metrolisboa.pt\u00a0Porto: informa\u00e7\u00f5es dispon\u00edveis em\u00a0www.metrodoporto.pt \u00a0 De autom\u00f3velPara quem se desloca do\u00a0Sul, a melhor forma \u00e9 seguir pela auto-estrada A1 na direc\u00e7\u00e3o &#8220;Norte&#8221; ou pela auto-estrada A8 na direc\u00e7\u00e3o &#8220;Norte&#8221; e sair na primeira sa\u00edda para &#8220;Leiria Sul&#8221;. Para quem se desloca do\u00a0Norte, vindo pela A1, deve <\/p>","protected":false},"author":1,"featured_media":0,"parent":0,"menu_order":0,"comment_status":"closed","ping_status":"closed","template":"","meta":{"_acf_changed":false,"footnotes":""},"class_list":["post-1802","page","type-page","status-publish","hentry"],"acf":[],"_links":{"self":[{"href":"https:\/\/casulo.pt\/en\/wp-json\/wp\/v2\/pages\/1802","targetHints":{"allow":["GET"]}}],"collection":[{"href":"https:\/\/casulo.pt\/en\/wp-json\/wp\/v2\/pages"}],"about":[{"href":"https:\/\/casulo.pt\/en\/wp-json\/wp\/v2\/types\/page"}],"author":[{"embeddable":true,"href":"https:\/\/casulo.pt\/en\/wp-json\/wp\/v2\/users\/1"}],"replies":[{"embeddable":true,"href":"https:\/\/casulo.pt\/en\/wp-json\/wp\/v2\/comments?post=1802"}],"version-history":[{"count":22,"href":"https:\/\/casulo.pt\/en\/wp-json\/wp\/v2\/pages\/1802\/revisions"}],"predecessor-version":[{"id":1831,"href":"https:\/\/casulo.pt\/en\/wp-json\/wp\/v2\/pages\/1802\/revisions\/1831"}],"wp:attachment":[{"href":"https:\/\/casulo.pt\/en\/wp-json\/wp\/v2\/media?parent=1802"}],"curies":[{"name":"wp","href":"https:\/\/api.w.org\/{rel}","templated":true}]}}