{"id":1771,"date":"2024-08-28T08:23:22","date_gmt":"2024-08-28T08:23:22","guid":{"rendered":"https:\/\/casulo.com.pt\/?page_id=1771"},"modified":"2024-12-07T14:07:20","modified_gmt":"2024-12-07T13:07:20","slug":"servicos","status":"publish","type":"page","link":"https:\/\/casulo.pt\/en\/servicos\/","title":{"rendered":"Services"},"content":{"rendered":"<div data-elementor-type=\"wp-page\" data-elementor-id=\"1771\" class=\"elementor elementor-1771\" data-elementor-post-type=\"page\">\n\t\t\t\t<div class=\"elementor-element elementor-element-2509dfb e-flex e-con-boxed e-con e-parent\" data-id=\"2509dfb\" data-element_type=\"container\" data-e-type=\"container\">\n\t\t\t\t\t<div class=\"e-con-inner\">\n\t\t\t\t<div class=\"elementor-element elementor-element-cf71aaa elementor-widget elementor-widget-text-editor\" data-id=\"cf71aaa\" data-element_type=\"widget\" data-e-type=\"widget\" data-widget_type=\"text-editor.default\">\n\t\t\t\t<div class=\"elementor-widget-container\">\n\t\t\t\t\t\t\t\t\t<p>Our services and common areas were developed with the aim of satisfying the needs and expectations of all our guests.<\/p>\t\t\t\t\t\t\t\t<\/div>\n\t\t\t\t<\/div>\n\t\t\t\t\t<\/div>\n\t\t\t\t<\/div>\n\t\t<div class=\"elementor-element elementor-element-93999f2 e-grid e-con-boxed e-con e-parent\" data-id=\"93999f2\" data-element_type=\"container\" data-e-type=\"container\">\n\t\t\t\t\t<div class=\"e-con-inner\">\n\t\t\t\t<div class=\"elementor-element elementor-element-daa7d86 elementor-widget elementor-widget-text-editor\" data-id=\"daa7d86\" data-element_type=\"widget\" data-e-type=\"widget\" data-widget_type=\"text-editor.default\">\n\t\t\t\t<div class=\"elementor-widget-container\">\n\t\t\t\t\t\t\t\t\t<p><strong>In this context, we have:<\/strong><\/p><ul><li>Reception open 24 hours a day, staffed by a young and dynamic team;<\/li><li>Unlimited and free internet access (wifi);<\/li><li>Study room where you can work in a peaceful environment;<\/li><li>Weekly cleaning of bed linen and towels;<\/li><li>Cleaning materials, as well as an iron and ironing board;<\/li><li>Video surveillance system in the common areas of the building;<\/li><li>Workshops, themed gatherings, exhibitions and much more!<\/li><\/ul><p><strong>\u00a0<\/strong><\/p><p><strong>Optional services:<\/strong><\/p><ul><li>Self-service laundry (washing and drying);<\/li><li>Vehicle parking in an area with video surveillance;<\/li><li>Weekly cleaning of the apartment;<\/li><li>Casulo\u00a0Lounge\u00a0Caff\u00e9.<\/li><\/ul>\t\t\t\t\t\t\t\t<\/div>\n\t\t\t\t<\/div>\n\t\t\t\t<div class=\"elementor-element elementor-element-fc82a86 elementor-widget elementor-widget-image-carousel\" data-id=\"fc82a86\" data-element_type=\"widget\" data-e-type=\"widget\" data-settings=\"{&quot;slides_to_show&quot;:&quot;1&quot;,&quot;navigation&quot;:&quot;none&quot;,&quot;autoplay&quot;:&quot;yes&quot;,&quot;pause_on_hover&quot;:&quot;yes&quot;,&quot;pause_on_interaction&quot;:&quot;yes&quot;,&quot;autoplay_speed&quot;:5000,&quot;infinite&quot;:&quot;yes&quot;,&quot;effect&quot;:&quot;slide&quot;,&quot;speed&quot;:500}\" data-widget_type=\"image-carousel.default\">\n\t\t\t\t<div class=\"elementor-widget-container\">\n\t\t\t\t\t\t\t<div class=\"elementor-image-carousel-wrapper swiper\" role=\"region\" aria-roledescription=\"carousel\" aria-label=\"Image Carousel\" dir=\"ltr\">\n\t\t\t<div class=\"elementor-image-carousel swiper-wrapper\" aria-live=\"off\">\n\t\t\t\t\t\t\t\t<div class=\"swiper-slide\" role=\"group\" aria-roledescription=\"slide\" aria-label=\"1 of 3\" data-no-translation-aria-label=\"\"><figure class=\"swiper-slide-inner\"><img decoding=\"async\" class=\"swiper-slide-image\" src=\"https:\/\/casulo.pt\/wp-content\/uploads\/2024\/12\/DSC_1900.jpg\" alt=\"DSC_1900\" \/><\/figure><\/div><div class=\"swiper-slide\" role=\"group\" aria-roledescription=\"slide\" aria-label=\"2 of 3\" data-no-translation-aria-label=\"\"><figure class=\"swiper-slide-inner\"><img decoding=\"async\" class=\"swiper-slide-image\" src=\"https:\/\/casulo.pt\/wp-content\/uploads\/2024\/12\/SalaEstudo02.jpg\" alt=\"SalaEstudo02\" \/><\/figure><\/div><div class=\"swiper-slide\" role=\"group\" aria-roledescription=\"slide\" aria-label=\"3 of 3\" data-no-translation-aria-label=\"\"><figure class=\"swiper-slide-inner\"><img decoding=\"async\" class=\"swiper-slide-image\" src=\"https:\/\/casulo.pt\/wp-content\/uploads\/2024\/12\/Lavandaria01.jpg\" alt=\"Lavandaria01\" \/><\/figure><\/div>\t\t\t<\/div>\n\t\t\t\t\t\t\t\n\t\t\t\t\t\t\t\t\t<\/div>\n\t\t\t\t\t\t<\/div>\n\t\t\t\t<\/div>\n\t\t\t\t\t<\/div>\n\t\t\t\t<\/div>\n\t\t\t\t<\/div>","protected":false},"excerpt":{"rendered":"<p>Os nossos servi\u00e7os e \u00e1reas comuns foram desenvolvidos com o intuito de satisfazer as necessidades e expectativas de todos os nossos h\u00f3spedes. Neste contexto, dispomos: Recep\u00e7\u00e3o aberta 24h por dia, composta por uma equipa jovem e din\u00e2mica; Acesso ilimitado e gratuito \u00e0 internet (wifi); Sala de estudo onde \u00e9 poss\u00edvel trabalhar em ambiente tranquilo; Limpeza <\/p>","protected":false},"author":1,"featured_media":0,"parent":0,"menu_order":0,"comment_status":"closed","ping_status":"closed","template":"","meta":{"_acf_changed":false,"footnotes":""},"class_list":["post-1771","page","type-page","status-publish","hentry"],"acf":[],"_links":{"self":[{"href":"https:\/\/casulo.pt\/en\/wp-json\/wp\/v2\/pages\/1771","targetHints":{"allow":["GET"]}}],"collection":[{"href":"https:\/\/casulo.pt\/en\/wp-json\/wp\/v2\/pages"}],"about":[{"href":"https:\/\/casulo.pt\/en\/wp-json\/wp\/v2\/types\/page"}],"author":[{"embeddable":true,"href":"https:\/\/casulo.pt\/en\/wp-json\/wp\/v2\/users\/1"}],"replies":[{"embeddable":true,"href":"https:\/\/casulo.pt\/en\/wp-json\/wp\/v2\/comments?post=1771"}],"version-history":[{"count":25,"href":"https:\/\/casulo.pt\/en\/wp-json\/wp\/v2\/pages\/1771\/revisions"}],"predecessor-version":[{"id":2148,"href":"https:\/\/casulo.pt\/en\/wp-json\/wp\/v2\/pages\/1771\/revisions\/2148"}],"wp:attachment":[{"href":"https:\/\/casulo.pt\/en\/wp-json\/wp\/v2\/media?parent=1771"}],"curies":[{"name":"wp","href":"https:\/\/api.w.org\/{rel}","templated":true}]}}