{"id":1763,"date":"2024-08-28T08:11:41","date_gmt":"2024-08-28T08:11:41","guid":{"rendered":"https:\/\/casulo.com.pt\/?page_id=1763"},"modified":"2025-10-29T23:27:23","modified_gmt":"2025-10-29T22:27:23","slug":"tipos-de-apartamentos","status":"publish","type":"page","link":"https:\/\/casulo.pt\/en\/tipos-de-apartamentos\/","title":{"rendered":"Types of apartment"},"content":{"rendered":"<div data-elementor-type=\"wp-page\" data-elementor-id=\"1763\" class=\"elementor elementor-1763\" data-elementor-post-type=\"page\">\n\t\t\t\t<div class=\"elementor-element elementor-element-bcf54f7 e-grid e-con-boxed e-con e-parent\" data-id=\"bcf54f7\" data-element_type=\"container\" data-e-type=\"container\">\n\t\t\t\t\t<div class=\"e-con-inner\">\n\t\t<div class=\"elementor-element elementor-element-b215230 e-con-full e-flex e-con e-child\" data-id=\"b215230\" data-element_type=\"container\" data-e-type=\"container\">\n\t\t\t\t<div class=\"elementor-element elementor-element-08c79f0 elementor-widget elementor-widget-image\" data-id=\"08c79f0\" data-element_type=\"widget\" data-e-type=\"widget\" data-widget_type=\"image.default\">\n\t\t\t\t<div class=\"elementor-widget-container\">\n\t\t\t\t\t\t\t\t\t\t\t\t\t\t\t<img fetchpriority=\"high\" decoding=\"async\" width=\"640\" height=\"427\" src=\"https:\/\/casulo.pt\/wp-content\/uploads\/2024\/12\/Duplo01-1024x683.jpg\" class=\"attachment-large size-large wp-image-2035\" alt=\"\" srcset=\"https:\/\/casulo.pt\/wp-content\/uploads\/2024\/12\/Duplo01-1024x683.jpg 1024w, https:\/\/casulo.pt\/wp-content\/uploads\/2024\/12\/Duplo01-300x200.jpg 300w, https:\/\/casulo.pt\/wp-content\/uploads\/2024\/12\/Duplo01-768x512.jpg 768w, https:\/\/casulo.pt\/wp-content\/uploads\/2024\/12\/Duplo01-1536x1024.jpg 1536w, https:\/\/casulo.pt\/wp-content\/uploads\/2024\/12\/Duplo01-18x12.jpg 18w, https:\/\/casulo.pt\/wp-content\/uploads\/2024\/12\/Duplo01-530x353.jpg 530w, https:\/\/casulo.pt\/wp-content\/uploads\/2024\/12\/Duplo01.jpg 2048w\" sizes=\"(max-width: 640px) 100vw, 640px\" \/>\t\t\t\t\t\t\t\t\t\t\t\t\t\t\t<\/div>\n\t\t\t\t<\/div>\n\t\t\t\t<div class=\"elementor-element elementor-element-960730a elementor-widget elementor-widget-button\" data-id=\"960730a\" data-element_type=\"widget\" data-e-type=\"widget\" data-widget_type=\"button.default\">\n\t\t\t\t<div class=\"elementor-widget-container\">\n\t\t\t\t\t\t\t\t\t<div class=\"elementor-button-wrapper\">\n\t\t\t\t\t<a class=\"elementor-button elementor-button-link elementor-size-sm\" href=\"\/en\/reservas\/\">\n\t\t\t\t\t\t<span class=\"elementor-button-content-wrapper\">\n\t\t\t\t\t\t\t\t\t<span class=\"elementor-button-text\">T0 Twin \/ PAX<\/span>\n\t\t\t\t\t<\/span>\n\t\t\t\t\t<\/a>\n\t\t\t\t<\/div>\n\t\t\t\t\t\t\t\t<\/div>\n\t\t\t\t<\/div>\n\t\t\t\t<div class=\"elementor-element elementor-element-6faf126 elementor-widget elementor-widget-heading\" data-id=\"6faf126\" data-element_type=\"widget\" data-e-type=\"widget\" data-widget_type=\"heading.default\">\n\t\t\t\t<div class=\"elementor-widget-container\">\n\t\t\t\t\t<h3 class=\"elementor-heading-title elementor-size-default\">Desde 174,50 \u20ac* por m\u00eas!<\/h3>\t\t\t\t<\/div>\n\t\t\t\t<\/div>\n\t\t\t\t<div class=\"elementor-element elementor-element-ed93449 elementor-widget elementor-widget-text-editor\" data-id=\"ed93449\" data-element_type=\"widget\" data-e-type=\"widget\" data-widget_type=\"text-editor.default\">\n\t\t\t\t<div class=\"elementor-widget-container\">\n\t\t\t\t\t\t\t\t\t<ul>\n \t<li>2 Beds.<\/li>\n \t<li>Bed linen (sheets, duvet, pillow).<\/li>\n \t<li>Towels.<\/li>\n \t<li>Individual heating with thermostat.<\/li>\n \t<li>Independent kitchenette.<\/li>\n \t<li>More than 21m<sup>2<\/sup>.<\/li>\n<\/ul>\t\t\t\t\t\t\t\t<\/div>\n\t\t\t\t<\/div>\n\t\t\t\t<\/div>\n\t\t<div class=\"elementor-element elementor-element-532c9d9 e-con-full e-flex e-con e-child\" data-id=\"532c9d9\" data-element_type=\"container\" data-e-type=\"container\">\n\t\t\t\t<div class=\"elementor-element elementor-element-5158a4f elementor-widget elementor-widget-image\" data-id=\"5158a4f\" data-element_type=\"widget\" data-e-type=\"widget\" data-widget_type=\"image.default\">\n\t\t\t\t<div class=\"elementor-widget-container\">\n\t\t\t\t\t\t\t\t\t\t\t\t\t\t\t<img decoding=\"async\" width=\"640\" height=\"427\" src=\"https:\/\/casulo.pt\/wp-content\/uploads\/2024\/12\/Casal01-1024x683.jpg\" class=\"attachment-large size-large wp-image-2001\" alt=\"\" srcset=\"https:\/\/casulo.pt\/wp-content\/uploads\/2024\/12\/Casal01-1024x683.jpg 1024w, https:\/\/casulo.pt\/wp-content\/uploads\/2024\/12\/Casal01-300x200.jpg 300w, https:\/\/casulo.pt\/wp-content\/uploads\/2024\/12\/Casal01-768x512.jpg 768w, https:\/\/casulo.pt\/wp-content\/uploads\/2024\/12\/Casal01-1536x1024.jpg 1536w, https:\/\/casulo.pt\/wp-content\/uploads\/2024\/12\/Casal01-18x12.jpg 18w, https:\/\/casulo.pt\/wp-content\/uploads\/2024\/12\/Casal01-530x353.jpg 530w, https:\/\/casulo.pt\/wp-content\/uploads\/2024\/12\/Casal01.jpg 2048w\" sizes=\"(max-width: 640px) 100vw, 640px\" \/>\t\t\t\t\t\t\t\t\t\t\t\t\t\t\t<\/div>\n\t\t\t\t<\/div>\n\t\t\t\t<div class=\"elementor-element elementor-element-791778f elementor-widget elementor-widget-button\" data-id=\"791778f\" data-element_type=\"widget\" data-e-type=\"widget\" data-widget_type=\"button.default\">\n\t\t\t\t<div class=\"elementor-widget-container\">\n\t\t\t\t\t\t\t\t\t<div class=\"elementor-button-wrapper\">\n\t\t\t\t\t<a class=\"elementor-button elementor-button-link elementor-size-sm\" href=\"\/en\/reservas\/\">\n\t\t\t\t\t\t<span class=\"elementor-button-content-wrapper\">\n\t\t\t\t\t\t\t\t\t<span class=\"elementor-button-text\">T0 Casal<\/span>\n\t\t\t\t\t<\/span>\n\t\t\t\t\t<\/a>\n\t\t\t\t<\/div>\n\t\t\t\t\t\t\t\t<\/div>\n\t\t\t\t<\/div>\n\t\t\t\t<div class=\"elementor-element elementor-element-2744e81 elementor-widget elementor-widget-heading\" data-id=\"2744e81\" data-element_type=\"widget\" data-e-type=\"widget\" data-widget_type=\"heading.default\">\n\t\t\t\t<div class=\"elementor-widget-container\">\n\t\t\t\t\t<h3 class=\"elementor-heading-title elementor-size-default\">Desde 348,50 \u20ac* por m\u00eas!<\/h3>\t\t\t\t<\/div>\n\t\t\t\t<\/div>\n\t\t\t\t<div class=\"elementor-element elementor-element-6e84b06 elementor-widget elementor-widget-text-editor\" data-id=\"6e84b06\" data-element_type=\"widget\" data-e-type=\"widget\" data-widget_type=\"text-editor.default\">\n\t\t\t\t<div class=\"elementor-widget-container\">\n\t\t\t\t\t\t\t\t\tPerfect for couples who need more storage space.\n<ul>\n \t<li>1 Double bed.<\/li>\n \t<li>Bed linen (sheets, duvet, pillows).<\/li>\n \t<li>Towels.<\/li>\n \t<li>Individual heating with thermostat.<\/li>\n \t<li>Independent kitchenette.<\/li>\n \t<li>More than 35m<sup>2<\/sup>.<\/li>\n<\/ul>\t\t\t\t\t\t\t\t<\/div>\n\t\t\t\t<\/div>\n\t\t\t\t<\/div>\n\t\t<div class=\"elementor-element elementor-element-c462635 e-con-full e-flex e-con e-child\" data-id=\"c462635\" data-element_type=\"container\" data-e-type=\"container\">\n\t\t\t\t<div class=\"elementor-element elementor-element-780db8d elementor-widget elementor-widget-image\" data-id=\"780db8d\" data-element_type=\"widget\" data-e-type=\"widget\" data-widget_type=\"image.default\">\n\t\t\t\t<div class=\"elementor-widget-container\">\n\t\t\t\t\t\t\t\t\t\t\t\t\t\t\t<img decoding=\"async\" width=\"640\" height=\"427\" src=\"https:\/\/casulo.pt\/wp-content\/uploads\/2024\/12\/Casal01-1024x683.jpg\" class=\"attachment-large size-large wp-image-2001\" alt=\"\" srcset=\"https:\/\/casulo.pt\/wp-content\/uploads\/2024\/12\/Casal01-1024x683.jpg 1024w, https:\/\/casulo.pt\/wp-content\/uploads\/2024\/12\/Casal01-300x200.jpg 300w, https:\/\/casulo.pt\/wp-content\/uploads\/2024\/12\/Casal01-768x512.jpg 768w, https:\/\/casulo.pt\/wp-content\/uploads\/2024\/12\/Casal01-1536x1024.jpg 1536w, https:\/\/casulo.pt\/wp-content\/uploads\/2024\/12\/Casal01-18x12.jpg 18w, https:\/\/casulo.pt\/wp-content\/uploads\/2024\/12\/Casal01-530x353.jpg 530w, https:\/\/casulo.pt\/wp-content\/uploads\/2024\/12\/Casal01.jpg 2048w\" sizes=\"(max-width: 640px) 100vw, 640px\" \/>\t\t\t\t\t\t\t\t\t\t\t\t\t\t\t<\/div>\n\t\t\t\t<\/div>\n\t\t\t\t<div class=\"elementor-element elementor-element-d063f8d elementor-widget elementor-widget-button\" data-id=\"d063f8d\" data-element_type=\"widget\" data-e-type=\"widget\" data-widget_type=\"button.default\">\n\t\t\t\t<div class=\"elementor-widget-container\">\n\t\t\t\t\t\t\t\t\t<div class=\"elementor-button-wrapper\">\n\t\t\t\t\t<a class=\"elementor-button elementor-button-link elementor-size-sm\" href=\"\/en\/reservas\/\">\n\t\t\t\t\t\t<span class=\"elementor-button-content-wrapper\">\n\t\t\t\t\t\t\t\t\t<span class=\"elementor-button-text\">T0 Casal Signature<\/span>\n\t\t\t\t\t<\/span>\n\t\t\t\t\t<\/a>\n\t\t\t\t<\/div>\n\t\t\t\t\t\t\t\t<\/div>\n\t\t\t\t<\/div>\n\t\t\t\t<div class=\"elementor-element elementor-element-c459e4d elementor-widget elementor-widget-heading\" data-id=\"c459e4d\" data-element_type=\"widget\" data-e-type=\"widget\" data-widget_type=\"heading.default\">\n\t\t\t\t<div class=\"elementor-widget-container\">\n\t\t\t\t\t<h3 class=\"elementor-heading-title elementor-size-default\">Desde 384 \u20ac* por m\u00eas!<\/h3>\t\t\t\t<\/div>\n\t\t\t\t<\/div>\n\t\t\t\t<div class=\"elementor-element elementor-element-154dec0 elementor-widget elementor-widget-text-editor\" data-id=\"154dec0\" data-element_type=\"widget\" data-e-type=\"widget\" data-widget_type=\"text-editor.default\">\n\t\t\t\t<div class=\"elementor-widget-container\">\n\t\t\t\t\t\t\t\t\tPerfect for couples who need more storage space.\n<ul>\n \t<li>1 Double bed.<\/li>\n \t<li>Bed linen (sheets, duvet, pillows).<\/li>\n \t<li>Towels.<\/li>\n \t<li>Individual heating with thermostat.<\/li>\n \t<li>Independent kitchenette.<\/li>\n \t<li>More than 35m<sup>2<\/sup>.<\/li>\n<\/ul>\t\t\t\t\t\t\t\t<\/div>\n\t\t\t\t<\/div>\n\t\t\t\t<\/div>\n\t\t<div class=\"elementor-element elementor-element-c0449d9 e-con-full e-flex e-con e-child\" data-id=\"c0449d9\" data-element_type=\"container\" data-e-type=\"container\">\n\t\t\t\t<div class=\"elementor-element elementor-element-dccdee4 elementor-widget elementor-widget-image\" data-id=\"dccdee4\" data-element_type=\"widget\" data-e-type=\"widget\" data-widget_type=\"image.default\">\n\t\t\t\t<div class=\"elementor-widget-container\">\n\t\t\t\t\t\t\t\t\t\t\t\t\t\t\t<img decoding=\"async\" width=\"640\" height=\"427\" src=\"https:\/\/casulo.pt\/wp-content\/uploads\/2024\/12\/Individual01-1024x683.jpg\" class=\"attachment-large size-large wp-image-2038\" alt=\"\" srcset=\"https:\/\/casulo.pt\/wp-content\/uploads\/2024\/12\/Individual01-1024x683.jpg 1024w, https:\/\/casulo.pt\/wp-content\/uploads\/2024\/12\/Individual01-300x200.jpg 300w, https:\/\/casulo.pt\/wp-content\/uploads\/2024\/12\/Individual01-768x512.jpg 768w, https:\/\/casulo.pt\/wp-content\/uploads\/2024\/12\/Individual01-1536x1024.jpg 1536w, https:\/\/casulo.pt\/wp-content\/uploads\/2024\/12\/Individual01-18x12.jpg 18w, https:\/\/casulo.pt\/wp-content\/uploads\/2024\/12\/Individual01-530x353.jpg 530w, https:\/\/casulo.pt\/wp-content\/uploads\/2024\/12\/Individual01.jpg 2048w\" sizes=\"(max-width: 640px) 100vw, 640px\" \/>\t\t\t\t\t\t\t\t\t\t\t\t\t\t\t<\/div>\n\t\t\t\t<\/div>\n\t\t\t\t<div class=\"elementor-element elementor-element-a912d16 elementor-widget elementor-widget-button\" data-id=\"a912d16\" data-element_type=\"widget\" data-e-type=\"widget\" data-widget_type=\"button.default\">\n\t\t\t\t<div class=\"elementor-widget-container\">\n\t\t\t\t\t\t\t\t\t<div class=\"elementor-button-wrapper\">\n\t\t\t\t\t<a class=\"elementor-button elementor-button-link elementor-size-sm\" href=\"\/en\/reservas\/\">\n\t\t\t\t\t\t<span class=\"elementor-button-content-wrapper\">\n\t\t\t\t\t\t\t\t\t<span class=\"elementor-button-text\">T0 Single<\/span>\n\t\t\t\t\t<\/span>\n\t\t\t\t\t<\/a>\n\t\t\t\t<\/div>\n\t\t\t\t\t\t\t\t<\/div>\n\t\t\t\t<\/div>\n\t\t\t\t<div class=\"elementor-element elementor-element-b853d19 elementor-widget elementor-widget-heading\" data-id=\"b853d19\" data-element_type=\"widget\" data-e-type=\"widget\" data-widget_type=\"heading.default\">\n\t\t\t\t<div class=\"elementor-widget-container\">\n\t\t\t\t\t<h3 class=\"elementor-heading-title elementor-size-default\">Desde 312,50 \u20ac* por m\u00eas!<\/h3>\t\t\t\t<\/div>\n\t\t\t\t<\/div>\n\t\t\t\t<div class=\"elementor-element elementor-element-be18555 elementor-widget elementor-widget-text-editor\" data-id=\"be18555\" data-element_type=\"widget\" data-e-type=\"widget\" data-widget_type=\"text-editor.default\">\n\t\t\t\t<div class=\"elementor-widget-container\">\n\t\t\t\t\t\t\t\t\t<ul>\n \t<li>1 Extra bed with drawer.<\/li>\n \t<li>Bed linen (sheets, duvet, pillow).<\/li>\n \t<li>Towels.<\/li>\n \t<li>Individual heating with thermostat.<\/li>\n \t<li>Independent kitchenette.<\/li>\n \t<li>More than 21m<sup>2<\/sup>.<\/li>\n<\/ul>\t\t\t\t\t\t\t\t<\/div>\n\t\t\t\t<\/div>\n\t\t\t\t<\/div>\n\t\t\t\t\t<\/div>\n\t\t\t\t<\/div>\n\t\t<div class=\"elementor-element elementor-element-cfa42cf e-flex e-con-boxed e-con e-parent\" data-id=\"cfa42cf\" data-element_type=\"container\" data-e-type=\"container\">\n\t\t\t\t\t<div class=\"e-con-inner\">\n\t\t\t\t<div class=\"elementor-element elementor-element-30f2abf elementor-widget elementor-widget-text-editor\" data-id=\"30f2abf\" data-element_type=\"widget\" data-e-type=\"widget\" data-widget_type=\"text-editor.default\">\n\t\t\t\t<div class=\"elementor-widget-container\">\n\t\t\t\t\t\t\t\t\t<p><small>* Student price on 11-month contracts.<br \/>* Rental available for stays longer than 1 month<\/small><\/p>\t\t\t\t\t\t\t\t<\/div>\n\t\t\t\t<\/div>\n\t\t\t\t\t<\/div>\n\t\t\t\t<\/div>\n\t\t\t\t<\/div>","protected":false},"excerpt":{"rendered":"<p>T0 Twin \/ PAX Desde 174,50 \u20ac* por m\u00eas! 2 Camas. Roupa de cama (len\u00e7\u00f3is, edred\u00e3o, almofada). Atoalhados. Aquecimento individual com termostato. Kitchenette independente. Mais de 21m2. T0 Casal Desde 348,50 \u20ac* por m\u00eas! Perfeito para casais que necessitem de maior espa\u00e7o de arruma\u00e7\u00e3o. 1 Cama de casal. Roupa de cama (len\u00e7\u00f3is, edred\u00e3o, almofadas). Atoalhados. <\/p>","protected":false},"author":1,"featured_media":0,"parent":0,"menu_order":0,"comment_status":"closed","ping_status":"closed","template":"","meta":{"_acf_changed":false,"footnotes":""},"class_list":["post-1763","page","type-page","status-publish","hentry"],"acf":[],"_links":{"self":[{"href":"https:\/\/casulo.pt\/en\/wp-json\/wp\/v2\/pages\/1763","targetHints":{"allow":["GET"]}}],"collection":[{"href":"https:\/\/casulo.pt\/en\/wp-json\/wp\/v2\/pages"}],"about":[{"href":"https:\/\/casulo.pt\/en\/wp-json\/wp\/v2\/types\/page"}],"author":[{"embeddable":true,"href":"https:\/\/casulo.pt\/en\/wp-json\/wp\/v2\/users\/1"}],"replies":[{"embeddable":true,"href":"https:\/\/casulo.pt\/en\/wp-json\/wp\/v2\/comments?post=1763"}],"version-history":[{"count":166,"href":"https:\/\/casulo.pt\/en\/wp-json\/wp\/v2\/pages\/1763\/revisions"}],"predecessor-version":[{"id":2949,"href":"https:\/\/casulo.pt\/en\/wp-json\/wp\/v2\/pages\/1763\/revisions\/2949"}],"wp:attachment":[{"href":"https:\/\/casulo.pt\/en\/wp-json\/wp\/v2\/media?parent=1763"}],"curies":[{"name":"wp","href":"https:\/\/api.w.org\/{rel}","templated":true}]}}