{"id":1678,"date":"2024-08-22T21:07:17","date_gmt":"2024-08-22T21:07:17","guid":{"rendered":"https:\/\/casulo.com.pt\/?page_id=1678"},"modified":"2024-08-28T08:39:32","modified_gmt":"2024-08-28T08:39:32","slug":"t0-casal-suite","status":"publish","type":"page","link":"https:\/\/casulo.pt\/en\/t0-casal-suite\/","title":{"rendered":"T0 Double Suite"},"content":{"rendered":"<div data-elementor-type=\"wp-page\" data-elementor-id=\"1678\" class=\"elementor elementor-1678\" data-elementor-post-type=\"page\">\n\t\t\t\t<div class=\"elementor-element elementor-element-8c4b1f2 e-flex e-con-boxed e-con e-parent\" data-id=\"8c4b1f2\" data-element_type=\"container\" data-e-type=\"container\">\n\t\t\t\t\t<div class=\"e-con-inner\">\n\t\t\t\t<div class=\"elementor-element elementor-element-2c50e0c elementor-widget elementor-widget-spacer\" data-id=\"2c50e0c\" data-element_type=\"widget\" data-e-type=\"widget\" data-widget_type=\"spacer.default\">\n\t\t\t\t<div class=\"elementor-widget-container\">\n\t\t\t\t\t\t\t<div class=\"elementor-spacer\">\n\t\t\t<div class=\"elementor-spacer-inner\"><\/div>\n\t\t<\/div>\n\t\t\t\t\t\t<\/div>\n\t\t\t\t<\/div>\n\t\t\t\t<div class=\"elementor-element elementor-element-6f12148 elementor-position-left elementor-vertical-align-top elementor-widget elementor-widget-image-box\" data-id=\"6f12148\" data-element_type=\"widget\" data-e-type=\"widget\" data-widget_type=\"image-box.default\">\n\t\t\t\t<div class=\"elementor-widget-container\">\n\t\t\t\t\t<div class=\"elementor-image-box-wrapper\"><figure class=\"elementor-image-box-img\"><img fetchpriority=\"high\" decoding=\"async\" width=\"640\" height=\"429\" src=\"https:\/\/casulo.pt\/wp-content\/uploads\/2024\/08\/b2.jpg\" class=\"attachment-large size-large wp-image-1690\" alt=\"\" srcset=\"https:\/\/casulo.pt\/wp-content\/uploads\/2024\/08\/b2.jpg 800w, https:\/\/casulo.pt\/wp-content\/uploads\/2024\/08\/b2-300x201.jpg 300w, https:\/\/casulo.pt\/wp-content\/uploads\/2024\/08\/b2-768x515.jpg 768w, https:\/\/casulo.pt\/wp-content\/uploads\/2024\/08\/b2-530x355.jpg 530w\" sizes=\"(max-width: 640px) 100vw, 640px\" \/><\/figure><div class=\"elementor-image-box-content\"><h3 class=\"elementor-image-box-title\">Desde 9,34 \u20ac* por dia!<\/h3><p class=\"elementor-image-box-description\">Perfect for couples who need more storage space.<br>\n\u00b7 1 Cama de casal.<br>\n\u00b7 Roupa de cama (len\u00e7\u00f3is, edred\u00e3o, almofadas).<br>\n\u00b7 Atoalhados.<br>\n\u00b7 Aquecimento individual com termostato.<br>\n\u00b7 Kitchenette independente.<br>\n\u00b7 Mais de 35m2.<br>\n\n* Student price on 11-month contracts.<br>\n* Arrendamento dispon\u00edvel para estadias superiores a 1 m\u00eas.<\/p><\/div><\/div>\t\t\t\t<\/div>\n\t\t\t\t<\/div>\n\t\t\t\t\t<\/div>\n\t\t\t\t<\/div>\n\t\t<div class=\"elementor-element elementor-element-2806a3b e-flex e-con-boxed e-con e-parent\" data-id=\"2806a3b\" data-element_type=\"container\" data-e-type=\"container\">\n\t\t\t\t\t<div class=\"e-con-inner\">\n\t\t\t\t<div class=\"elementor-element elementor-element-f7506e1 elementor-widget elementor-widget-spacer\" data-id=\"f7506e1\" data-element_type=\"widget\" data-e-type=\"widget\" data-widget_type=\"spacer.default\">\n\t\t\t\t<div class=\"elementor-widget-container\">\n\t\t\t\t\t\t\t<div class=\"elementor-spacer\">\n\t\t\t<div class=\"elementor-spacer-inner\"><\/div>\n\t\t<\/div>\n\t\t\t\t\t\t<\/div>\n\t\t\t\t<\/div>\n\t\t\t\t\t<\/div>\n\t\t\t\t<\/div>\n\t\t<div class=\"elementor-element elementor-element-6afc2e8 e-flex e-con-boxed e-con e-parent\" data-id=\"6afc2e8\" data-element_type=\"container\" data-e-type=\"container\">\n\t\t\t\t\t<div class=\"e-con-inner\">\n\t\t\t\t<div class=\"elementor-element elementor-element-dac124d elementor-align-center elementor-widget elementor-widget-button\" data-id=\"dac124d\" data-element_type=\"widget\" data-e-type=\"widget\" data-widget_type=\"button.default\">\n\t\t\t\t<div class=\"elementor-widget-container\">\n\t\t\t\t\t\t\t\t\t<div class=\"elementor-button-wrapper\">\n\t\t\t\t\t<a class=\"elementor-button elementor-button-link elementor-size-sm\" href=\"https:\/\/casulo.com.pt\/reservas\/\">\n\t\t\t\t\t\t<span class=\"elementor-button-content-wrapper\">\n\t\t\t\t\t\t<span class=\"elementor-button-icon\">\n\t\t\t\t<i aria-hidden=\"true\" class=\"fas fa-chevron-right\"><\/i>\t\t\t<\/span>\n\t\t\t\t\t\t\t\t\t<span class=\"elementor-button-text\">RESERVAR<\/span>\n\t\t\t\t\t<\/span>\n\t\t\t\t\t<\/a>\n\t\t\t\t<\/div>\n\t\t\t\t\t\t\t\t<\/div>\n\t\t\t\t<\/div>\n\t\t<div class=\"elementor-element elementor-element-742d2ae e-con-full e-flex e-con e-child\" data-id=\"742d2ae\" data-element_type=\"container\" data-e-type=\"container\">\n\t\t\t\t<div class=\"elementor-element elementor-element-f945e06 elementor-arrows-position-inside elementor-pagination-position-outside elementor-widget elementor-widget-image-carousel\" data-id=\"f945e06\" data-element_type=\"widget\" data-e-type=\"widget\" data-settings=\"{&quot;navigation&quot;:&quot;both&quot;,&quot;autoplay&quot;:&quot;yes&quot;,&quot;pause_on_hover&quot;:&quot;yes&quot;,&quot;pause_on_interaction&quot;:&quot;yes&quot;,&quot;autoplay_speed&quot;:5000,&quot;infinite&quot;:&quot;yes&quot;,&quot;speed&quot;:500}\" data-widget_type=\"image-carousel.default\">\n\t\t\t\t<div class=\"elementor-widget-container\">\n\t\t\t\t\t\t\t<div class=\"elementor-image-carousel-wrapper swiper\" role=\"region\" aria-roledescription=\"carousel\" aria-label=\"Carrossel de imagens\" dir=\"ltr\">\n\t\t\t<div class=\"elementor-image-carousel swiper-wrapper\" aria-live=\"off\">\n\t\t\t\t\t\t\t\t<div class=\"swiper-slide\" role=\"group\" aria-roledescription=\"slide\" aria-label=\"1 of 8\"><figure class=\"swiper-slide-inner\"><img decoding=\"async\" class=\"swiper-slide-image\" src=\"https:\/\/casulo.pt\/wp-content\/uploads\/2024\/08\/b1-350x350.jpg\" alt=\"b1\" \/><\/figure><\/div><div class=\"swiper-slide\" role=\"group\" aria-roledescription=\"slide\" aria-label=\"2 of 8\"><figure class=\"swiper-slide-inner\"><img decoding=\"async\" class=\"swiper-slide-image\" src=\"https:\/\/casulo.pt\/wp-content\/uploads\/2024\/08\/b8-350x350.jpg\" alt=\"b8\" \/><\/figure><\/div><div class=\"swiper-slide\" role=\"group\" aria-roledescription=\"slide\" aria-label=\"3 of 8\"><figure class=\"swiper-slide-inner\"><img decoding=\"async\" class=\"swiper-slide-image\" src=\"https:\/\/casulo.pt\/wp-content\/uploads\/2024\/08\/b7-350x350.jpg\" alt=\"b7\" \/><\/figure><\/div><div class=\"swiper-slide\" role=\"group\" aria-roledescription=\"slide\" aria-label=\"4 of 8\"><figure class=\"swiper-slide-inner\"><img decoding=\"async\" class=\"swiper-slide-image\" src=\"https:\/\/casulo.pt\/wp-content\/uploads\/2024\/08\/b2-350x350.jpg\" alt=\"b2\" \/><\/figure><\/div><div class=\"swiper-slide\" role=\"group\" aria-roledescription=\"slide\" aria-label=\"5 of 8\"><figure class=\"swiper-slide-inner\"><img decoding=\"async\" class=\"swiper-slide-image\" src=\"https:\/\/casulo.pt\/wp-content\/uploads\/2024\/08\/b3-350x350.jpg\" alt=\"b3\" \/><\/figure><\/div><div class=\"swiper-slide\" role=\"group\" aria-roledescription=\"slide\" aria-label=\"6 of 8\"><figure class=\"swiper-slide-inner\"><img decoding=\"async\" class=\"swiper-slide-image\" src=\"https:\/\/casulo.pt\/wp-content\/uploads\/2024\/08\/b4-350x350.jpg\" alt=\"b4\" \/><\/figure><\/div><div class=\"swiper-slide\" role=\"group\" aria-roledescription=\"slide\" aria-label=\"7 of 8\"><figure class=\"swiper-slide-inner\"><img decoding=\"async\" class=\"swiper-slide-image\" src=\"https:\/\/casulo.pt\/wp-content\/uploads\/2024\/08\/b5-350x350.jpg\" alt=\"b5\" \/><\/figure><\/div><div class=\"swiper-slide\" role=\"group\" aria-roledescription=\"slide\" aria-label=\"8 of 8\"><figure class=\"swiper-slide-inner\"><img decoding=\"async\" class=\"swiper-slide-image\" src=\"https:\/\/casulo.pt\/wp-content\/uploads\/2024\/08\/b6-350x350.jpg\" alt=\"b6\" \/><\/figure><\/div>\t\t\t<\/div>\n\t\t\t\t\t\t\t\t\t\t\t\t<div class=\"elementor-swiper-button elementor-swiper-button-prev\" role=\"button\" tabindex=\"0\">\n\t\t\t\t\t\t<i aria-hidden=\"true\" class=\"eicon-chevron-left\"><\/i>\t\t\t\t\t<\/div>\n\t\t\t\t\t<div class=\"elementor-swiper-button elementor-swiper-button-next\" role=\"button\" tabindex=\"0\">\n\t\t\t\t\t\t<i aria-hidden=\"true\" class=\"eicon-chevron-right\"><\/i>\t\t\t\t\t<\/div>\n\t\t\t\t\n\t\t\t\t\t\t\t\t\t<div class=\"swiper-pagination\"><\/div>\n\t\t\t\t\t\t\t\t\t<\/div>\n\t\t\t\t\t\t<\/div>\n\t\t\t\t<\/div>\n\t\t\t\t<\/div>\n\t\t\t\t\t<\/div>\n\t\t\t\t<\/div>\n\t\t\t\t<\/div>","protected":false},"excerpt":{"rendered":"<p>Desde 9,34 \u20ac* por dia! Perfeito para casais que necessitem de maior espa\u00e7o de arruma\u00e7\u00e3o. \u00b7 1 Cama de casal. \u00b7 Roupa de cama (len\u00e7\u00f3is, edred\u00e3o, almofadas). \u00b7 Atoalhados. \u00b7 Aquecimento individual com termostato. \u00b7 Kitchenette independente. \u00b7 Mais de 35m2. * Pre\u00e7o para estudante em contratos de 11 meses. * Arrendamento dispon\u00edvel para estadias <\/p>","protected":false},"author":1,"featured_media":0,"parent":0,"menu_order":0,"comment_status":"closed","ping_status":"closed","template":"","meta":{"_acf_changed":false,"footnotes":""},"class_list":["post-1678","page","type-page","status-publish","hentry"],"acf":[],"_links":{"self":[{"href":"https:\/\/casulo.pt\/en\/wp-json\/wp\/v2\/pages\/1678","targetHints":{"allow":["GET"]}}],"collection":[{"href":"https:\/\/casulo.pt\/en\/wp-json\/wp\/v2\/pages"}],"about":[{"href":"https:\/\/casulo.pt\/en\/wp-json\/wp\/v2\/types\/page"}],"author":[{"embeddable":true,"href":"https:\/\/casulo.pt\/en\/wp-json\/wp\/v2\/users\/1"}],"replies":[{"embeddable":true,"href":"https:\/\/casulo.pt\/en\/wp-json\/wp\/v2\/comments?post=1678"}],"version-history":[{"count":10,"href":"https:\/\/casulo.pt\/en\/wp-json\/wp\/v2\/pages\/1678\/revisions"}],"predecessor-version":[{"id":1788,"href":"https:\/\/casulo.pt\/en\/wp-json\/wp\/v2\/pages\/1678\/revisions\/1788"}],"wp:attachment":[{"href":"https:\/\/casulo.pt\/en\/wp-json\/wp\/v2\/media?parent=1678"}],"curies":[{"name":"wp","href":"https:\/\/api.w.org\/{rel}","templated":true}]}}