{"id":1658,"date":"2024-08-21T22:12:50","date_gmt":"2024-08-21T22:12:50","guid":{"rendered":"https:\/\/casulo.com.pt\/?page_id=1658"},"modified":"2024-08-28T08:37:35","modified_gmt":"2024-08-28T08:37:35","slug":"t0-individual","status":"publish","type":"page","link":"https:\/\/casulo.pt\/en\/t0-individual\/","title":{"rendered":"T0 Single"},"content":{"rendered":"<div data-elementor-type=\"wp-page\" data-elementor-id=\"1658\" class=\"elementor elementor-1658\" data-elementor-post-type=\"page\">\n\t\t\t\t<div class=\"elementor-element elementor-element-f69f512 e-flex e-con-boxed e-con e-parent\" data-id=\"f69f512\" data-element_type=\"container\" data-e-type=\"container\">\n\t\t\t\t\t<div class=\"e-con-inner\">\n\t\t\t\t<div class=\"elementor-element elementor-element-fa52685 elementor-widget elementor-widget-spacer\" data-id=\"fa52685\" data-element_type=\"widget\" data-e-type=\"widget\" data-widget_type=\"spacer.default\">\n\t\t\t\t<div class=\"elementor-widget-container\">\n\t\t\t\t\t\t\t<div class=\"elementor-spacer\">\n\t\t\t<div class=\"elementor-spacer-inner\"><\/div>\n\t\t<\/div>\n\t\t\t\t\t\t<\/div>\n\t\t\t\t<\/div>\n\t\t\t\t\t<\/div>\n\t\t\t\t<\/div>\n\t\t<div class=\"elementor-element elementor-element-469f2d5 e-flex e-con-boxed e-con e-parent\" data-id=\"469f2d5\" data-element_type=\"container\" data-e-type=\"container\">\n\t\t\t\t\t<div class=\"e-con-inner\">\n\t\t\t\t<div class=\"elementor-element elementor-element-54049a4 elementor-position-left elementor-vertical-align-top elementor-widget elementor-widget-image-box\" data-id=\"54049a4\" data-element_type=\"widget\" data-e-type=\"widget\" data-widget_type=\"image-box.default\">\n\t\t\t\t<div class=\"elementor-widget-container\">\n\t\t\t\t\t<div class=\"elementor-image-box-wrapper\"><figure class=\"elementor-image-box-img\"><img fetchpriority=\"high\" decoding=\"async\" width=\"640\" height=\"373\" src=\"https:\/\/casulo.pt\/wp-content\/uploads\/2024\/08\/ti3.jpg\" class=\"attachment-large size-large wp-image-1665\" alt=\"\" srcset=\"https:\/\/casulo.pt\/wp-content\/uploads\/2024\/08\/ti3.jpg 800w, https:\/\/casulo.pt\/wp-content\/uploads\/2024\/08\/ti3-300x175.jpg 300w, https:\/\/casulo.pt\/wp-content\/uploads\/2024\/08\/ti3-768x447.jpg 768w, https:\/\/casulo.pt\/wp-content\/uploads\/2024\/08\/ti3-530x309.jpg 530w\" sizes=\"(max-width: 640px) 100vw, 640px\" \/><\/figure><div class=\"elementor-image-box-content\"><h3 class=\"elementor-image-box-title\">Desde 8,17 \u20ac* por dia!<\/h3><p class=\"elementor-image-box-description\">\u00b7 1 Cama extra de gaveta<br>\n\u00b7 Roupa de cama (len\u00e7\u00f3is, edred\u00e3o, almofada)<br>\n\u00b7 Atoalhados<br>\n\u00b7 Aquecimento individual com termostato.<br>\n\u00b7 Kitchenette independente.<br>\n. Mais de 21m2. <br>\n\n* Student price on 11-month contracts. <br>\n* Arrendamento dispon\u00edvel para estadias superiores a 1 m\u00eas.<\/p><\/div><\/div>\t\t\t\t<\/div>\n\t\t\t\t<\/div>\n\t\t\t\t\t<\/div>\n\t\t\t\t<\/div>\n\t\t<div class=\"elementor-element elementor-element-8ed90b9 e-flex e-con-boxed e-con e-parent\" data-id=\"8ed90b9\" data-element_type=\"container\" data-e-type=\"container\">\n\t\t\t\t\t<div class=\"e-con-inner\">\n\t\t\t\t<div class=\"elementor-element elementor-element-42aa7b7 elementor-widget elementor-widget-spacer\" data-id=\"42aa7b7\" data-element_type=\"widget\" data-e-type=\"widget\" data-widget_type=\"spacer.default\">\n\t\t\t\t<div class=\"elementor-widget-container\">\n\t\t\t\t\t\t\t<div class=\"elementor-spacer\">\n\t\t\t<div class=\"elementor-spacer-inner\"><\/div>\n\t\t<\/div>\n\t\t\t\t\t\t<\/div>\n\t\t\t\t<\/div>\n\t\t\t\t\t<\/div>\n\t\t\t\t<\/div>\n\t\t<div class=\"elementor-element elementor-element-4b64dac e-flex e-con-boxed e-con e-parent\" data-id=\"4b64dac\" data-element_type=\"container\" data-e-type=\"container\">\n\t\t\t\t\t<div class=\"e-con-inner\">\n\t\t\t\t<div class=\"elementor-element elementor-element-59b7119 elementor-align-center elementor-widget elementor-widget-button\" data-id=\"59b7119\" data-element_type=\"widget\" data-e-type=\"widget\" data-widget_type=\"button.default\">\n\t\t\t\t<div class=\"elementor-widget-container\">\n\t\t\t\t\t\t\t\t\t<div class=\"elementor-button-wrapper\">\n\t\t\t\t\t<a class=\"elementor-button elementor-button-link elementor-size-sm\" href=\"https:\/\/casulo.com.pt\/reservas\/\">\n\t\t\t\t\t\t<span class=\"elementor-button-content-wrapper\">\n\t\t\t\t\t\t<span class=\"elementor-button-icon\">\n\t\t\t\t<i aria-hidden=\"true\" class=\"fas fa-chevron-right\"><\/i>\t\t\t<\/span>\n\t\t\t\t\t\t\t\t\t<span class=\"elementor-button-text\">RESERVAR<\/span>\n\t\t\t\t\t<\/span>\n\t\t\t\t\t<\/a>\n\t\t\t\t<\/div>\n\t\t\t\t\t\t\t\t<\/div>\n\t\t\t\t<\/div>\n\t\t\t\t\t<\/div>\n\t\t\t\t<\/div>\n\t\t<div class=\"elementor-element elementor-element-a8eb9e1 e-flex e-con-boxed e-con e-parent\" data-id=\"a8eb9e1\" data-element_type=\"container\" data-e-type=\"container\">\n\t\t\t\t\t<div class=\"e-con-inner\">\n\t\t\t\t<div class=\"elementor-element elementor-element-72e8bde elementor-widget elementor-widget-spacer\" data-id=\"72e8bde\" data-element_type=\"widget\" data-e-type=\"widget\" data-widget_type=\"spacer.default\">\n\t\t\t\t<div class=\"elementor-widget-container\">\n\t\t\t\t\t\t\t<div class=\"elementor-spacer\">\n\t\t\t<div class=\"elementor-spacer-inner\"><\/div>\n\t\t<\/div>\n\t\t\t\t\t\t<\/div>\n\t\t\t\t<\/div>\n\t\t\t\t\t<\/div>\n\t\t\t\t<\/div>\n\t\t<div class=\"elementor-element elementor-element-80e32a0 e-flex e-con-boxed e-con e-parent\" data-id=\"80e32a0\" data-element_type=\"container\" data-e-type=\"container\">\n\t\t\t\t\t<div class=\"e-con-inner\">\n\t\t\t\t<div class=\"elementor-element elementor-element-fc14784 elementor-arrows-position-inside elementor-pagination-position-outside elementor-widget elementor-widget-image-carousel\" data-id=\"fc14784\" data-element_type=\"widget\" data-e-type=\"widget\" data-settings=\"{&quot;navigation&quot;:&quot;both&quot;,&quot;autoplay&quot;:&quot;yes&quot;,&quot;pause_on_hover&quot;:&quot;yes&quot;,&quot;pause_on_interaction&quot;:&quot;yes&quot;,&quot;autoplay_speed&quot;:5000,&quot;infinite&quot;:&quot;yes&quot;,&quot;speed&quot;:500}\" data-widget_type=\"image-carousel.default\">\n\t\t\t\t<div class=\"elementor-widget-container\">\n\t\t\t\t\t\t\t<div class=\"elementor-image-carousel-wrapper swiper\" role=\"region\" aria-roledescription=\"carousel\" aria-label=\"Image Carousel\" dir=\"ltr\">\n\t\t\t<div class=\"elementor-image-carousel swiper-wrapper\" aria-live=\"off\">\n\t\t\t\t\t\t\t\t<div class=\"swiper-slide\" role=\"group\" aria-roledescription=\"slide\" aria-label=\"1 of 8\"><figure class=\"swiper-slide-inner\"><img decoding=\"async\" class=\"swiper-slide-image\" src=\"https:\/\/casulo.pt\/wp-content\/uploads\/2024\/08\/ti8-350x350.jpg\" alt=\"ti8\" \/><\/figure><\/div><div class=\"swiper-slide\" role=\"group\" aria-roledescription=\"slide\" aria-label=\"2 of 8\"><figure class=\"swiper-slide-inner\"><img decoding=\"async\" class=\"swiper-slide-image\" src=\"https:\/\/casulo.pt\/wp-content\/uploads\/2024\/08\/t7-350x350.jpg\" alt=\"t7\" \/><\/figure><\/div><div class=\"swiper-slide\" role=\"group\" aria-roledescription=\"slide\" aria-label=\"3 of 8\"><figure class=\"swiper-slide-inner\"><img decoding=\"async\" class=\"swiper-slide-image\" src=\"https:\/\/casulo.pt\/wp-content\/uploads\/2024\/08\/ti6-350x350.jpg\" alt=\"ti6\" \/><\/figure><\/div><div class=\"swiper-slide\" role=\"group\" aria-roledescription=\"slide\" aria-label=\"4 of 8\"><figure class=\"swiper-slide-inner\"><img decoding=\"async\" class=\"swiper-slide-image\" src=\"https:\/\/casulo.pt\/wp-content\/uploads\/2024\/08\/ti5-350x350.jpg\" alt=\"ti5\" \/><\/figure><\/div><div class=\"swiper-slide\" role=\"group\" aria-roledescription=\"slide\" aria-label=\"5 of 8\"><figure class=\"swiper-slide-inner\"><img decoding=\"async\" class=\"swiper-slide-image\" src=\"https:\/\/casulo.pt\/wp-content\/uploads\/2024\/08\/ti4-350x350.jpg\" alt=\"ti4\" \/><\/figure><\/div><div class=\"swiper-slide\" role=\"group\" aria-roledescription=\"slide\" aria-label=\"6 of 8\"><figure class=\"swiper-slide-inner\"><img decoding=\"async\" class=\"swiper-slide-image\" src=\"https:\/\/casulo.pt\/wp-content\/uploads\/2024\/08\/ti3-1-350x350.jpg\" alt=\"ti3\" \/><\/figure><\/div><div class=\"swiper-slide\" role=\"group\" aria-roledescription=\"slide\" aria-label=\"7 of 8\"><figure class=\"swiper-slide-inner\"><img decoding=\"async\" class=\"swiper-slide-image\" src=\"https:\/\/casulo.pt\/wp-content\/uploads\/2024\/08\/ti2-350x350.jpg\" alt=\"ti2\" \/><\/figure><\/div><div class=\"swiper-slide\" role=\"group\" aria-roledescription=\"slide\" aria-label=\"8 of 8\"><figure class=\"swiper-slide-inner\"><img decoding=\"async\" class=\"swiper-slide-image\" src=\"https:\/\/casulo.pt\/wp-content\/uploads\/2024\/08\/ti1-350x350.jpg\" alt=\"ti1\" \/><\/figure><\/div>\t\t\t<\/div>\n\t\t\t\t\t\t\t\t\t\t\t\t<div class=\"elementor-swiper-button elementor-swiper-button-prev\" role=\"button\" tabindex=\"0\">\n\t\t\t\t\t\t<i aria-hidden=\"true\" class=\"eicon-chevron-left\"><\/i>\t\t\t\t\t<\/div>\n\t\t\t\t\t<div class=\"elementor-swiper-button elementor-swiper-button-next\" role=\"button\" tabindex=\"0\">\n\t\t\t\t\t\t<i aria-hidden=\"true\" class=\"eicon-chevron-right\"><\/i>\t\t\t\t\t<\/div>\n\t\t\t\t\n\t\t\t\t\t\t\t\t\t<div class=\"swiper-pagination\"><\/div>\n\t\t\t\t\t\t\t\t\t<\/div>\n\t\t\t\t\t\t<\/div>\n\t\t\t\t<\/div>\n\t\t\t\t\t<\/div>\n\t\t\t\t<\/div>\n\t\t<div class=\"elementor-element elementor-element-20a11c4 e-flex e-con-boxed e-con e-parent\" data-id=\"20a11c4\" data-element_type=\"container\" data-e-type=\"container\">\n\t\t\t\t\t<div class=\"e-con-inner\">\n\t\t\t\t<div class=\"elementor-element elementor-element-3c7bc80 elementor-widget elementor-widget-Viba_Newsletter\" data-id=\"3c7bc80\" data-element_type=\"widget\" data-e-type=\"widget\" data-widget_type=\"Viba_Newsletter.default\">\n\t\t\t\t<div class=\"elementor-widget-container\">\n\t\t\t\t\t\r\n                    <!-- Subscription Warp Start -->\r\n            <div class=\"subscription-warp ptb-125\">\r\n                <div class=\"container\">\r\n                    <div class=\"row align-items-center\">\r\n                                                    <div class=\"col-lg-5 col-md-4\" data-cues=\"fadeInLeft\">\r\n                                <div class=\"subscription-image\">\r\n                                    <img decoding=\"async\" src=\"https:\/\/casulo.com.pt\/wp-content\/uploads\/2023\/10\/subscription-shape1.png\" alt=\"Images\" class=\"subscription-shape1\">\r\n                                <\/div>\r\n                            <\/div>\r\n                                            \r\n                        <div class=\"col-lg-7 col-md-8\" data-cues=\"fadeInUp\">\r\n                            <div class=\"subscription-content single-section\">\r\n                                                                    <span class=\"title\">N\u00e3o perca nada!<\/span>\r\n                                                                <h2>\r\n                                    Assine a Newsletter                                <\/h2>\r\n                                                                    <p>Receba as \u00faltimas novidades e ofertas exclusivas diretamente no seu e-mail. N\u00e3o perca as atualiza\u00e7\u00f5es do Casulo!<\/p>\r\n                                                                <div class=\"input-box\">\r\n                                                                            <form class=\"mailchimp subscribe-form\" action=\"\">\r\n                                            <input type=\"email\" class=\"form-control memail\" placeholder=\"Insira o seu melhor E-mail\">\r\n                                                                                            <button class=\"default-btn\" type=\"submit\">Inscrever-se Agora<\/button>\r\n                                                                                    <input type=\"hidden\" name=\"trp-form-language\" value=\"en\"\/><\/form>\r\n                                                                        <p class=\"mchimp-errmessage\" style=\"display: none;\"><\/p>\r\n                                    <p class=\"mchimp-sucmessage\" style=\"display: none;\"><\/p>\r\n                                <\/div>\r\n                            <\/div>\r\n                        <\/div>\r\n                    <\/div>\r\n                <\/div>\r\n                <div class=\"all-shapes\">\r\n                                            <img decoding=\"async\" src=\"https:\/\/casulo.com.pt\/wp-content\/uploads\/2023\/10\/subscription-shape2.png\" alt=\"Images\" class=\"subscription-shape2\">\r\n                                                                <img decoding=\"async\" src=\"https:\/\/casulo.com.pt\/wp-content\/uploads\/2023\/10\/subscription-shape3.png\" alt=\"Images\" class=\"subscription-shape3\">\r\n                                    <\/div>\r\n            <\/div>\r\n            <!-- Subscription Warp End -->\r\n        \r\n        <script>\r\n            ;(function($){\r\n                \"use strict\";\r\n                $(document).ready(function () {\r\n                    \/\/ MAILCHIMP\r\n                    if ($(\".mailchimp\").length > 0) {\r\n                        $(\".mailchimp\").ajaxChimp({\r\n                            callback: mailchimpCallback,\r\n                            url: \"\"\r\n                        });\r\n                    }\r\n                    if ($(\".mailchimp_two\").length > 0) {\r\n                        $(\".mailchimp_two\").ajaxChimp({\r\n                            callback: mailchimpCallback,\r\n                            url: \"\" \/\/Replace this with your own mailchimp post URL. Don't remove the \"\". Just paste the url inside \"\".\r\n                        });\r\n                    }\r\n                    $(\".memail\").on(\"focus\", function () {\r\n                        $(\".mchimp-errmessage\").fadeOut();\r\n                        $(\".mchimp-sucmessage\").fadeOut();\r\n                    });\r\n                    $(\".memail\").on(\"keydown\", function () {\r\n                        $(\".mchimp-errmessage\").fadeOut();\r\n                        $(\".mchimp-sucmessage\").fadeOut();\r\n                    });\r\n                    $(\".memail\").on(\"click\", function () {\r\n                        $(\".memail\").val(\"\");\r\n                    });\r\n\r\n                    function mailchimpCallback(resp) {\r\n                        if (resp.result === \"success\") {\r\n                            $(\".mchimp-errmessage\").html(resp.msg).fadeIn(1000);\r\n                            $(\".mchimp-sucmessage\").fadeOut(500);\r\n                        } else if (resp.result === \"error\") {\r\n                            $(\".mchimp-errmessage\").html(resp.msg).fadeIn(1000);\r\n                        }\r\n                    }\r\n                });\r\n            })(jQuery)\r\n        <\/script>\r\n    \t\t\t\t<\/div>\n\t\t\t\t<\/div>\n\t\t\t\t\t<\/div>\n\t\t\t\t<\/div>\n\t\t\t\t<\/div>","protected":false},"excerpt":{"rendered":"<p>Desde 8,17 \u20ac* por dia! \u00b7 1 Cama extra de gaveta \u00b7 Roupa de cama (len\u00e7\u00f3is, edred\u00e3o, almofada) \u00b7 Atoalhados \u00b7 Aquecimento individual com termostato. \u00b7 Kitchenette independente. . Mais de 21m2. * Pre\u00e7o para estudante em contratos de 11 meses. * Arrendamento dispon\u00edvel para estadias superiores a 1 m\u00eas. RESERVAR N\u00e3o perca nada! Assine <\/p>","protected":false},"author":1,"featured_media":0,"parent":0,"menu_order":0,"comment_status":"closed","ping_status":"closed","template":"","meta":{"_acf_changed":false,"footnotes":""},"class_list":["post-1658","page","type-page","status-publish","hentry"],"acf":[],"_links":{"self":[{"href":"https:\/\/casulo.pt\/en\/wp-json\/wp\/v2\/pages\/1658","targetHints":{"allow":["GET"]}}],"collection":[{"href":"https:\/\/casulo.pt\/en\/wp-json\/wp\/v2\/pages"}],"about":[{"href":"https:\/\/casulo.pt\/en\/wp-json\/wp\/v2\/types\/page"}],"author":[{"embeddable":true,"href":"https:\/\/casulo.pt\/en\/wp-json\/wp\/v2\/users\/1"}],"replies":[{"embeddable":true,"href":"https:\/\/casulo.pt\/en\/wp-json\/wp\/v2\/comments?post=1658"}],"version-history":[{"count":10,"href":"https:\/\/casulo.pt\/en\/wp-json\/wp\/v2\/pages\/1658\/revisions"}],"predecessor-version":[{"id":1782,"href":"https:\/\/casulo.pt\/en\/wp-json\/wp\/v2\/pages\/1658\/revisions\/1782"}],"wp:attachment":[{"href":"https:\/\/casulo.pt\/en\/wp-json\/wp\/v2\/media?parent=1658"}],"curies":[{"name":"wp","href":"https:\/\/api.w.org\/{rel}","templated":true}]}}