{"id":1581,"date":"2024-08-21T03:30:44","date_gmt":"2024-08-21T03:30:44","guid":{"rendered":"https:\/\/casulo.com.pt\/?page_id=1581"},"modified":"2024-08-21T04:16:00","modified_gmt":"2024-08-21T04:16:00","slug":"casulo-lounge-caffe","status":"publish","type":"page","link":"https:\/\/casulo.pt\/en\/casulo-lounge-caffe\/","title":{"rendered":"Casulo Lounge Caff\u00e9"},"content":{"rendered":"<div data-elementor-type=\"wp-page\" data-elementor-id=\"1581\" class=\"elementor elementor-1581\" data-elementor-post-type=\"page\">\n\t\t\t\t<div class=\"elementor-element elementor-element-28aaf9be e-con-full e-flex e-con e-parent\" data-id=\"28aaf9be\" data-element_type=\"container\" data-e-type=\"container\" data-settings=\"{&quot;background_background&quot;:&quot;classic&quot;}\">\n\t\t<div class=\"elementor-element elementor-element-20e54f03 e-con-full e-flex e-con e-child\" data-id=\"20e54f03\" data-element_type=\"container\" data-e-type=\"container\">\n\t\t\t\t<div class=\"elementor-element elementor-element-48617279 elementor-invisible elementor-widget elementor-widget-heading\" data-id=\"48617279\" data-element_type=\"widget\" data-e-type=\"widget\" data-settings=\"{&quot;_animation&quot;:&quot;fadeIn&quot;}\" data-widget_type=\"heading.default\">\n\t\t\t\t<div class=\"elementor-widget-container\">\n\t\t\t\t\t<h1 class=\"elementor-heading-title elementor-size-default\">Modern and welcoming environment<\/h1>\t\t\t\t<\/div>\n\t\t\t\t<\/div>\n\t\t\t\t<div class=\"elementor-element elementor-element-7a5c7920 elementor-invisible elementor-widget elementor-widget-text-editor\" data-id=\"7a5c7920\" data-element_type=\"widget\" data-e-type=\"widget\" data-settings=\"{&quot;_animation&quot;:&quot;fadeIn&quot;,&quot;_animation_delay&quot;:200}\" data-widget_type=\"text-editor.default\">\n\t\t\t\t<div class=\"elementor-widget-container\">\n\t\t\t\t\t\t\t\t\t<p>Located next to reception on the ground floor, the Lounge welcomes visitors with an informal and comfortable atmosphere in a modern and welcoming environment. The Lounge is the ideal place for breakfast, light snacks, an aperitif before meals or a drink at the end of the day with friends.<\/p>\t\t\t\t\t\t\t\t<\/div>\n\t\t\t\t<\/div>\n\t\t\t\t<\/div>\n\t\t<div class=\"elementor-element elementor-element-2201129 e-con-full e-flex e-con e-child\" data-id=\"2201129\" data-element_type=\"container\" data-e-type=\"container\" data-settings=\"{&quot;background_background&quot;:&quot;classic&quot;}\">\n\t\t\t\t<div class=\"elementor-element elementor-element-60bb4a1c elementor-invisible elementor-widget elementor-widget-image\" data-id=\"60bb4a1c\" data-element_type=\"widget\" data-e-type=\"widget\" data-settings=\"{&quot;_animation&quot;:&quot;zoomIn&quot;}\" data-widget_type=\"image.default\">\n\t\t\t\t<div class=\"elementor-widget-container\">\n\t\t\t\t\t\t\t\t\t\t\t\t\t\t\t<img fetchpriority=\"high\" decoding=\"async\" width=\"640\" height=\"428\" src=\"https:\/\/casulo.pt\/wp-content\/uploads\/2024\/08\/p1begbvkhg1e2p15mfdep1s61fgf8-1.jpg\" class=\"attachment-large size-large wp-image-1550\" alt=\"\" srcset=\"https:\/\/casulo.pt\/wp-content\/uploads\/2024\/08\/p1begbvkhg1e2p15mfdep1s61fgf8-1.jpg 800w, https:\/\/casulo.pt\/wp-content\/uploads\/2024\/08\/p1begbvkhg1e2p15mfdep1s61fgf8-1-300x201.jpg 300w, https:\/\/casulo.pt\/wp-content\/uploads\/2024\/08\/p1begbvkhg1e2p15mfdep1s61fgf8-1-768x514.jpg 768w, https:\/\/casulo.pt\/wp-content\/uploads\/2024\/08\/p1begbvkhg1e2p15mfdep1s61fgf8-1-530x354.jpg 530w\" sizes=\"(max-width: 640px) 100vw, 640px\" \/>\t\t\t\t\t\t\t\t\t\t\t\t\t\t\t<\/div>\n\t\t\t\t<\/div>\n\t\t\t\t<\/div>\n\t\t\t\t<\/div>\n\t\t<div class=\"elementor-element elementor-element-4854e613 e-flex e-con-boxed e-con e-parent\" data-id=\"4854e613\" data-element_type=\"container\" data-e-type=\"container\">\n\t\t\t\t\t<div class=\"e-con-inner\">\n\t\t<div class=\"elementor-element elementor-element-624cc9f2 e-con-full e-flex e-con e-child\" data-id=\"624cc9f2\" data-element_type=\"container\" data-e-type=\"container\">\n\t\t\t\t<div class=\"elementor-element elementor-element-d0e8137 elementor-widget elementor-widget-image\" data-id=\"d0e8137\" data-element_type=\"widget\" data-e-type=\"widget\" data-widget_type=\"image.default\">\n\t\t\t\t<div class=\"elementor-widget-container\">\n\t\t\t\t\t\t\t\t\t\t\t\t\t\t\t<img decoding=\"async\" width=\"800\" height=\"535\" src=\"https:\/\/casulo.pt\/wp-content\/uploads\/2024\/08\/p1begbvkhg92k1pig5nmhfd4cm9.jpg\" class=\"attachment-2048x2048 size-2048x2048 wp-image-1555\" alt=\"\" srcset=\"https:\/\/casulo.pt\/wp-content\/uploads\/2024\/08\/p1begbvkhg92k1pig5nmhfd4cm9.jpg 800w, https:\/\/casulo.pt\/wp-content\/uploads\/2024\/08\/p1begbvkhg92k1pig5nmhfd4cm9-300x201.jpg 300w, https:\/\/casulo.pt\/wp-content\/uploads\/2024\/08\/p1begbvkhg92k1pig5nmhfd4cm9-768x514.jpg 768w, https:\/\/casulo.pt\/wp-content\/uploads\/2024\/08\/p1begbvkhg92k1pig5nmhfd4cm9-530x354.jpg 530w\" sizes=\"(max-width: 800px) 100vw, 800px\" \/>\t\t\t\t\t\t\t\t\t\t\t\t\t\t\t<\/div>\n\t\t\t\t<\/div>\n\t\t\t\t<\/div>\n\t\t<div class=\"elementor-element elementor-element-46246b47 e-con-full e-flex e-con e-child\" data-id=\"46246b47\" data-element_type=\"container\" data-e-type=\"container\">\n\t\t\t\t<div class=\"elementor-element elementor-element-43d7dc4 elementor-drop-cap-yes elementor-drop-cap-view-default elementor-widget elementor-widget-text-editor\" data-id=\"43d7dc4\" data-element_type=\"widget\" data-e-type=\"widget\" data-settings=\"{&quot;drop_cap&quot;:&quot;yes&quot;}\" data-widget_type=\"text-editor.default\">\n\t\t\t\t<div class=\"elementor-widget-container\">\n\t\t\t\t\t\t\t\t\t<p class=\"translation-block\">The Lounge is the ideal space for breakfast, small snacks, an aperitif before meals or a drink at the end of the day with friends.<br>The Lounge is a space that suggests moments of tranquility, where you can relax, listen to good music, surf the web or read a book in the reading area.<\/p>\t\t\t\t\t\t\t\t<\/div>\n\t\t\t\t<\/div>\n\t\t\t\t<\/div>\n\t\t\t\t\t<\/div>\n\t\t\t\t<\/div>\n\t\t<div class=\"elementor-element elementor-element-39e04fe6 e-flex e-con-boxed e-con e-parent\" data-id=\"39e04fe6\" data-element_type=\"container\" data-e-type=\"container\">\n\t\t\t\t\t<div class=\"e-con-inner\">\n\t\t<div class=\"elementor-element elementor-element-36afffb7 e-con-full e-flex e-con e-child\" data-id=\"36afffb7\" data-element_type=\"container\" data-e-type=\"container\">\n\t\t\t\t<div class=\"elementor-element elementor-element-2dfbfa96 elementor-drop-cap-yes elementor-drop-cap-view-default elementor-widget elementor-widget-text-editor\" data-id=\"2dfbfa96\" data-element_type=\"widget\" data-e-type=\"widget\" data-settings=\"{&quot;drop_cap&quot;:&quot;yes&quot;}\" data-widget_type=\"text-editor.default\">\n\t\t\t\t<div class=\"elementor-widget-container\">\n\t\t\t\t\t\t\t\t\t<p>The Lounge is a \u201csecond home\u201d for our residents, but it also opens its doors to the general public so that they too can feel at home.<\/p><p><em>Casulo Lounge<\/em>, open every day:<\/p>\t\t\t\t\t\t\t\t<\/div>\n\t\t\t\t<\/div>\n\t\t\t\t<div class=\"elementor-element elementor-element-67a13d24 elementor-align-start elementor-icon-list--layout-traditional elementor-list-item-link-full_width elementor-widget elementor-widget-icon-list\" data-id=\"67a13d24\" data-element_type=\"widget\" data-e-type=\"widget\" data-widget_type=\"icon-list.default\">\n\t\t\t\t<div class=\"elementor-widget-container\">\n\t\t\t\t\t\t\t<ul class=\"elementor-icon-list-items\">\n\t\t\t\t\t\t\t<li class=\"elementor-icon-list-item\">\n\t\t\t\t\t\t\t\t\t\t\t<a href=\"#\">\n\n\t\t\t\t\t\t\t\t\t\t\t\t<span class=\"elementor-icon-list-icon\">\n\t\t\t\t\t\t\t<i aria-hidden=\"true\" class=\"fas fa-square-full\"><\/i>\t\t\t\t\t\t<\/span>\n\t\t\t\t\t\t\t\t\t\t<span class=\"elementor-icon-list-text\">Casulo Lounge, open every day:<\/span>\n\t\t\t\t\t\t\t\t\t\t\t<\/a>\n\t\t\t\t\t\t\t\t\t<\/li>\n\t\t\t\t\t\t\t\t<li class=\"elementor-icon-list-item\">\n\t\t\t\t\t\t\t\t\t\t\t<a href=\"#\">\n\n\t\t\t\t\t\t\t\t\t\t\t\t<span class=\"elementor-icon-list-icon\">\n\t\t\t\t\t\t\t<i aria-hidden=\"true\" class=\"fas fa-square-full\"><\/i>\t\t\t\t\t\t<\/span>\n\t\t\t\t\t\t\t\t\t\t<span class=\"elementor-icon-list-text\">Monday to Thursday, between 8:30 am and 1:00 am.<\/span>\n\t\t\t\t\t\t\t\t\t\t\t<\/a>\n\t\t\t\t\t\t\t\t\t<\/li>\n\t\t\t\t\t\t\t\t<li class=\"elementor-icon-list-item\">\n\t\t\t\t\t\t\t\t\t\t\t<a href=\"#\">\n\n\t\t\t\t\t\t\t\t\t\t\t\t<span class=\"elementor-icon-list-icon\">\n\t\t\t\t\t\t\t<i aria-hidden=\"true\" class=\"fas fa-square-full\"><\/i>\t\t\t\t\t\t<\/span>\n\t\t\t\t\t\t\t\t\t\t<span class=\"elementor-icon-list-text\">Friday, between 8:30 am and 2:00 am.<\/span>\n\t\t\t\t\t\t\t\t\t\t\t<\/a>\n\t\t\t\t\t\t\t\t\t<\/li>\n\t\t\t\t\t\t\t\t<li class=\"elementor-icon-list-item\">\n\t\t\t\t\t\t\t\t\t\t\t<a href=\"#\">\n\n\t\t\t\t\t\t\t\t\t\t\t\t<span class=\"elementor-icon-list-icon\">\n\t\t\t\t\t\t\t<i aria-hidden=\"true\" class=\"fas fa-square-full\"><\/i>\t\t\t\t\t\t<\/span>\n\t\t\t\t\t\t\t\t\t\t<span class=\"elementor-icon-list-text\">Saturday, between 11:00 am and 2:00 am.<\/span>\n\t\t\t\t\t\t\t\t\t\t\t<\/a>\n\t\t\t\t\t\t\t\t\t<\/li>\n\t\t\t\t\t\t\t\t<li class=\"elementor-icon-list-item\">\n\t\t\t\t\t\t\t\t\t\t\t<span class=\"elementor-icon-list-icon\">\n\t\t\t\t\t\t\t<i aria-hidden=\"true\" class=\"fas fa-square\"><\/i>\t\t\t\t\t\t<\/span>\n\t\t\t\t\t\t\t\t\t\t<span class=\"elementor-icon-list-text\">Sunday, between 11am and 1am.<\/span>\n\t\t\t\t\t\t\t\t\t<\/li>\n\t\t\t\t\t\t<\/ul>\n\t\t\t\t\t\t<\/div>\n\t\t\t\t<\/div>\n\t\t\t\t<\/div>\n\t\t<div class=\"elementor-element elementor-element-46816c25 e-con-full e-flex e-con e-child\" data-id=\"46816c25\" data-element_type=\"container\" data-e-type=\"container\">\n\t\t\t\t<div class=\"elementor-element elementor-element-1a9070a2 elementor-widget elementor-widget-image\" data-id=\"1a9070a2\" data-element_type=\"widget\" data-e-type=\"widget\" data-widget_type=\"image.default\">\n\t\t\t\t<div class=\"elementor-widget-container\">\n\t\t\t\t\t\t\t\t\t\t\t\t\t\t\t<img decoding=\"async\" width=\"640\" height=\"428\" src=\"https:\/\/casulo.pt\/wp-content\/uploads\/2024\/08\/p1begbvkhg65l1ilu4t61bnrak2c.jpg\" class=\"attachment-large size-large wp-image-1444\" alt=\"\" srcset=\"https:\/\/casulo.pt\/wp-content\/uploads\/2024\/08\/p1begbvkhg65l1ilu4t61bnrak2c.jpg 800w, https:\/\/casulo.pt\/wp-content\/uploads\/2024\/08\/p1begbvkhg65l1ilu4t61bnrak2c-530x354.jpg 530w, https:\/\/casulo.pt\/wp-content\/uploads\/2024\/08\/p1begbvkhg65l1ilu4t61bnrak2c-300x201.jpg 300w, https:\/\/casulo.pt\/wp-content\/uploads\/2024\/08\/p1begbvkhg65l1ilu4t61bnrak2c-768x514.jpg 768w\" sizes=\"(max-width: 640px) 100vw, 640px\" \/>\t\t\t\t\t\t\t\t\t\t\t\t\t\t\t<\/div>\n\t\t\t\t<\/div>\n\t\t\t\t<\/div>\n\t\t\t\t\t<\/div>\n\t\t\t\t<\/div>\n\t\t<div class=\"elementor-element elementor-element-d93a624 e-flex e-con-boxed e-con e-parent\" data-id=\"d93a624\" data-element_type=\"container\" data-e-type=\"container\">\n\t\t\t\t\t<div class=\"e-con-inner\">\n\t\t\t\t<div class=\"elementor-element elementor-element-c455c38 elementor-widget elementor-widget-spacer\" data-id=\"c455c38\" data-element_type=\"widget\" data-e-type=\"widget\" data-widget_type=\"spacer.default\">\n\t\t\t\t<div class=\"elementor-widget-container\">\n\t\t\t\t\t\t\t<div class=\"elementor-spacer\">\n\t\t\t<div class=\"elementor-spacer-inner\"><\/div>\n\t\t<\/div>\n\t\t\t\t\t\t<\/div>\n\t\t\t\t<\/div>\n\t\t\t\t\t<\/div>\n\t\t\t\t<\/div>\n\t\t<div class=\"elementor-element elementor-element-92150cb e-flex e-con-boxed e-con e-parent\" data-id=\"92150cb\" data-element_type=\"container\" data-e-type=\"container\">\n\t\t\t\t\t<div class=\"e-con-inner\">\n\t\t\t\t<div class=\"elementor-element elementor-element-2a5b6cf elementor-view-default elementor-widget elementor-widget-icon\" data-id=\"2a5b6cf\" data-element_type=\"widget\" data-e-type=\"widget\" data-widget_type=\"icon.default\">\n\t\t\t\t<div class=\"elementor-widget-container\">\n\t\t\t\t\t\t\t<div class=\"elementor-icon-wrapper\">\n\t\t\t<a class=\"elementor-icon\" href=\"https:\/\/www.facebook.com\/casuloloungecaffe\/\">\n\t\t\t<i aria-hidden=\"true\" class=\"fab fa-facebook\"><\/i>\t\t\t<\/a>\n\t\t<\/div>\n\t\t\t\t\t\t<\/div>\n\t\t\t\t<\/div>\n\t\t\t\t\t<\/div>\n\t\t\t\t<\/div>\n\t\t\t\t<\/div>","protected":false},"excerpt":{"rendered":"<p>Ambiente moderno e acolhedor Situado junto \u00e0 recep\u00e7\u00e3o, no piso 0, o Lounge d\u00e1 as boas-vindas a quem nos visita, oferecendo uma atmosfera de informalidade e conforto, num ambiente moderno e acolhedor. O Lounge \u00e9 o espa\u00e7o ideal para o caf\u00e9 da manh\u00e3, pequenos lanches, o aperitivo antes das refei\u00e7\u00f5es ou o &#8220;copo&#8221; ao final <\/p>","protected":false},"author":1,"featured_media":0,"parent":0,"menu_order":0,"comment_status":"closed","ping_status":"closed","template":"","meta":{"_acf_changed":false,"footnotes":""},"class_list":["post-1581","page","type-page","status-publish","hentry"],"acf":[],"_links":{"self":[{"href":"https:\/\/casulo.pt\/en\/wp-json\/wp\/v2\/pages\/1581","targetHints":{"allow":["GET"]}}],"collection":[{"href":"https:\/\/casulo.pt\/en\/wp-json\/wp\/v2\/pages"}],"about":[{"href":"https:\/\/casulo.pt\/en\/wp-json\/wp\/v2\/types\/page"}],"author":[{"embeddable":true,"href":"https:\/\/casulo.pt\/en\/wp-json\/wp\/v2\/users\/1"}],"replies":[{"embeddable":true,"href":"https:\/\/casulo.pt\/en\/wp-json\/wp\/v2\/comments?post=1581"}],"version-history":[{"count":25,"href":"https:\/\/casulo.pt\/en\/wp-json\/wp\/v2\/pages\/1581\/revisions"}],"predecessor-version":[{"id":1619,"href":"https:\/\/casulo.pt\/en\/wp-json\/wp\/v2\/pages\/1581\/revisions\/1619"}],"wp:attachment":[{"href":"https:\/\/casulo.pt\/en\/wp-json\/wp\/v2\/media?parent=1581"}],"curies":[{"name":"wp","href":"https:\/\/api.w.org\/{rel}","templated":true}]}}