{"id":1248,"date":"2024-02-07T09:35:02","date_gmt":"2024-02-07T09:35:02","guid":{"rendered":"https:\/\/casulo.com.pt\/?page_id=1248"},"modified":"2024-02-07T09:36:28","modified_gmt":"2024-02-07T09:36:28","slug":"room-grid","status":"publish","type":"page","link":"https:\/\/casulo.pt\/en\/room-grid\/","title":{"rendered":"Room Grid"},"content":{"rendered":"<div data-elementor-type=\"wp-page\" data-elementor-id=\"1248\" class=\"elementor elementor-1248\" data-elementor-post-type=\"page\">\n\t\t\t\t<div class=\"elementor-element elementor-element-9a54cb4 e-con-full e-flex e-con e-parent\" data-id=\"9a54cb4\" data-element_type=\"container\" data-e-type=\"container\">\n\t\t\t\t<div class=\"elementor-element elementor-element-09671f1 elementor-widget elementor-widget-RoomGrid\" data-id=\"09671f1\" data-element_type=\"widget\" data-e-type=\"widget\" data-widget_type=\"RoomGrid.default\">\n\t\t\t\t<div class=\"elementor-widget-container\">\n\t\t\t\t\t\r\n        <div class=\"main-room-warp ptb-100\">\r\n            <div class=\"container\">\r\n                <div class=\"section-title\">\r\n                    <h2>\r\n                        Choose the best room for your next stay                    <\/h2>\r\n                <\/div>\r\n                \r\n                <div class=\"row gy-4\">\r\n                                           <div class=\"col-lg-4 col-md-6\" data-cues=\"fadeInUp\">\r\n                            <div class=\"choose-card\">     \r\n                                                                    <div class=\"image\">\r\n                                        <img decoding=\"async\" src=\"https:\/\/casulo.pt\/wp-content\/uploads\/2023\/11\/choose-6.webp\" alt=\"\">\r\n                                        \r\n                                        <div class=\"price\">\r\n                                            <span class=\"mphb-price\"><span class=\"mphb-currency\">&euro;<\/span>310<\/span> <span class=\"mphb-price-period\" title=\"Choose dates to see relevant prices\">per night<\/span>                                        <\/div>\r\n                                        \r\n                                    <\/div>\r\n                                \r\n                                <div class=\"content-icon\">\r\n                                    <div class=\"content\">\r\n                                        <h3>\r\n                                            <a href=\"https:\/\/casulo.pt\/en\/accommodation\/t0-duplo\/\">T0 Double<\/a>\r\n                                        <\/h3>\r\n                                        <p>including all day inclusive package<\/p>\n                                       \r\n                                        <ul class=\"choose-list\">\r\n                                                                                            <li class=\"mphb-room-type-bed-type\">\r\n                                                    <span class=\"mphb-attribute-value\">\r\n                                                        King Size 3 Bed                                                    <\/span>\r\n                                                <\/li>\r\n                                                                                                                                        <li class=\"mphb-room-type-total-capacity\">\r\n                                                    <span class=\"mphb-attribute-value\">\r\n                                                        5                                                    <\/span>\r\n                                                    <span class=\"mphb-attribute-title mphb-total-capacity-title\">PERSON<\/span>\r\n                                                <\/li>\r\n                                                                                        \r\n                                                                                            <li class=\"mphb-room-type-size\">\r\n                                                    <span class=\"mphb-attribute-value\">\r\n                                                        46                                                    <\/span>\r\n                                                    <span class=\"mphb-attribute-title mphb-view-title\">m2<\/span>\r\n                                                <\/li>\r\n                                                                                    <\/ul>\r\n                                    <\/div>\r\n                                                                            <a href=\"https:\/\/casulo.pt\/en\/accommodation\/t0-duplo\/\" class=\"icon\"><i class=\"flaticon-next\"><\/i><\/a>\r\n                                                                    <\/div>\r\n                            <\/div>\r\n                        <\/div>\r\n                                            <div class=\"col-lg-4 col-md-6\" data-cues=\"fadeInUp\">\r\n                            <div class=\"choose-card\">     \r\n                                                                    <div class=\"image\">\r\n                                        <img decoding=\"async\" src=\"https:\/\/casulo.pt\/wp-content\/uploads\/2023\/11\/choose5.webp\" alt=\"\">\r\n                                        \r\n                                        <div class=\"price\">\r\n                                            <span class=\"mphb-price\"><span class=\"mphb-currency\">&euro;<\/span>270<\/span> <span class=\"mphb-price-period\" title=\"Choose dates to see relevant prices\">per night<\/span>                                        <\/div>\r\n                                        \r\n                                    <\/div>\r\n                                \r\n                                <div class=\"content-icon\">\r\n                                    <div class=\"content\">\r\n                                        <h3>\r\n                                            <a href=\"https:\/\/casulo.pt\/en\/accommodation\/luxury-room\/\">Luxury Room<\/a>\r\n                                        <\/h3>\r\n                                        <p>including all day inclusive package<\/p>\n                                       \r\n                                        <ul class=\"choose-list\">\r\n                                                                                            <li class=\"mphb-room-type-bed-type\">\r\n                                                    <span class=\"mphb-attribute-value\">\r\n                                                        King Size Bed                                                    <\/span>\r\n                                                <\/li>\r\n                                                                                                                                        <li class=\"mphb-room-type-total-capacity\">\r\n                                                    <span class=\"mphb-attribute-value\">\r\n                                                        2                                                    <\/span>\r\n                                                    <span class=\"mphb-attribute-title mphb-total-capacity-title\">PERSON<\/span>\r\n                                                <\/li>\r\n                                                                                        \r\n                                                                                            <li class=\"mphb-room-type-size\">\r\n                                                    <span class=\"mphb-attribute-value\">\r\n                                                        30                                                    <\/span>\r\n                                                    <span class=\"mphb-attribute-title mphb-view-title\">m2<\/span>\r\n                                                <\/li>\r\n                                                                                    <\/ul>\r\n                                    <\/div>\r\n                                                                            <a href=\"https:\/\/casulo.pt\/en\/accommodation\/luxury-room\/\" class=\"icon\"><i class=\"flaticon-next\"><\/i><\/a>\r\n                                                                    <\/div>\r\n                            <\/div>\r\n                        <\/div>\r\n                                            <div class=\"col-lg-4 col-md-6\" data-cues=\"fadeInUp\">\r\n                            <div class=\"choose-card\">     \r\n                                                                    <div class=\"image\">\r\n                                        <img decoding=\"async\" src=\"https:\/\/casulo.pt\/wp-content\/uploads\/2023\/11\/choose4.webp\" alt=\"\">\r\n                                        \r\n                                        <div class=\"price\">\r\n                                            <span class=\"mphb-price\"><span class=\"mphb-currency\">&euro;<\/span>240<\/span> <span class=\"mphb-price-period\" title=\"Choose dates to see relevant prices\">per night<\/span>                                        <\/div>\r\n                                        \r\n                                    <\/div>\r\n                                \r\n                                <div class=\"content-icon\">\r\n                                    <div class=\"content\">\r\n                                        <h3>\r\n                                            <a href=\"https:\/\/casulo.pt\/en\/accommodation\/bliss-west\/\">Bliss West<\/a>\r\n                                        <\/h3>\r\n                                        <p>including all day inclusive package<\/p>\n                                       \r\n                                        <ul class=\"choose-list\">\r\n                                                                                            <li class=\"mphb-room-type-bed-type\">\r\n                                                    <span class=\"mphb-attribute-value\">\r\n                                                        King Size 3 Bed                                                    <\/span>\r\n                                                <\/li>\r\n                                                                                                                                        <li class=\"mphb-room-type-total-capacity\">\r\n                                                    <span class=\"mphb-attribute-value\">\r\n                                                        6                                                    <\/span>\r\n                                                    <span class=\"mphb-attribute-title mphb-total-capacity-title\">PERSON<\/span>\r\n                                                <\/li>\r\n                                                                                        \r\n                                                                                            <li class=\"mphb-room-type-size\">\r\n                                                    <span class=\"mphb-attribute-value\">\r\n                                                        46                                                    <\/span>\r\n                                                    <span class=\"mphb-attribute-title mphb-view-title\">m2<\/span>\r\n                                                <\/li>\r\n                                                                                    <\/ul>\r\n                                    <\/div>\r\n                                                                            <a href=\"https:\/\/casulo.pt\/en\/accommodation\/bliss-west\/\" class=\"icon\"><i class=\"flaticon-next\"><\/i><\/a>\r\n                                                                    <\/div>\r\n                            <\/div>\r\n                        <\/div>\r\n                                            <div class=\"col-lg-4 col-md-6\" data-cues=\"fadeInUp\">\r\n                            <div class=\"choose-card\">     \r\n                                                                    <div class=\"image\">\r\n                                        <img decoding=\"async\" src=\"https:\/\/casulo.pt\/wp-content\/uploads\/2023\/11\/choose3.webp\" alt=\"\">\r\n                                        \r\n                                        <div class=\"price\">\r\n                                            <span class=\"mphb-price\"><span class=\"mphb-currency\">&euro;<\/span>320<\/span> <span class=\"mphb-price-period\" title=\"Choose dates to see relevant prices\">per night<\/span>                                        <\/div>\r\n                                        \r\n                                    <\/div>\r\n                                \r\n                                <div class=\"content-icon\">\r\n                                    <div class=\"content\">\r\n                                        <h3>\r\n                                            <a href=\"https:\/\/casulo.pt\/en\/accommodation\/bliss-east\/\">Bliss East<\/a>\r\n                                        <\/h3>\r\n                                        <p>including all day inclusive package<\/p>\n                                       \r\n                                        <ul class=\"choose-list\">\r\n                                                                                            <li class=\"mphb-room-type-bed-type\">\r\n                                                    <span class=\"mphb-attribute-value\">\r\n                                                        King Size 3 Bed                                                    <\/span>\r\n                                                <\/li>\r\n                                                                                                                                        <li class=\"mphb-room-type-total-capacity\">\r\n                                                    <span class=\"mphb-attribute-value\">\r\n                                                        4                                                    <\/span>\r\n                                                    <span class=\"mphb-attribute-title mphb-total-capacity-title\">PERSON<\/span>\r\n                                                <\/li>\r\n                                                                                        \r\n                                                                                            <li class=\"mphb-room-type-size\">\r\n                                                    <span class=\"mphb-attribute-value\">\r\n                                                        40                                                    <\/span>\r\n                                                    <span class=\"mphb-attribute-title mphb-view-title\">m2<\/span>\r\n                                                <\/li>\r\n                                                                                    <\/ul>\r\n                                    <\/div>\r\n                                                                            <a href=\"https:\/\/casulo.pt\/en\/accommodation\/bliss-east\/\" class=\"icon\"><i class=\"flaticon-next\"><\/i><\/a>\r\n                                                                    <\/div>\r\n                            <\/div>\r\n                        <\/div>\r\n                                            <div class=\"col-lg-4 col-md-6\" data-cues=\"fadeInUp\">\r\n                            <div class=\"choose-card\">     \r\n                                                                    <div class=\"image\">\r\n                                        <img decoding=\"async\" src=\"https:\/\/casulo.pt\/wp-content\/uploads\/2023\/11\/choose2.webp\" alt=\"\">\r\n                                        \r\n                                        <div class=\"price\">\r\n                                            <span class=\"mphb-price\"><span class=\"mphb-currency\">&euro;<\/span>300<\/span> <span class=\"mphb-price-period\" title=\"Choose dates to see relevant prices\">per night<\/span>                                        <\/div>\r\n                                        \r\n                                    <\/div>\r\n                                \r\n                                <div class=\"content-icon\">\r\n                                    <div class=\"content\">\r\n                                        <h3>\r\n                                            <a href=\"https:\/\/casulo.pt\/en\/accommodation\/essence-east\/\">Essence East<\/a>\r\n                                        <\/h3>\r\n                                        <p>including all day inclusive package<\/p>\n                                       \r\n                                        <ul class=\"choose-list\">\r\n                                                                                            <li class=\"mphb-room-type-bed-type\">\r\n                                                    <span class=\"mphb-attribute-value\">\r\n                                                        Double Bed                                                    <\/span>\r\n                                                <\/li>\r\n                                                                                                                                        <li class=\"mphb-room-type-total-capacity\">\r\n                                                    <span class=\"mphb-attribute-value\">\r\n                                                        4                                                    <\/span>\r\n                                                    <span class=\"mphb-attribute-title mphb-total-capacity-title\">PERSON<\/span>\r\n                                                <\/li>\r\n                                                                                        \r\n                                                                                            <li class=\"mphb-room-type-size\">\r\n                                                    <span class=\"mphb-attribute-value\">\r\n                                                        36                                                    <\/span>\r\n                                                    <span class=\"mphb-attribute-title mphb-view-title\">m2<\/span>\r\n                                                <\/li>\r\n                                                                                    <\/ul>\r\n                                    <\/div>\r\n                                                                            <a href=\"https:\/\/casulo.pt\/en\/accommodation\/essence-east\/\" class=\"icon\"><i class=\"flaticon-next\"><\/i><\/a>\r\n                                                                    <\/div>\r\n                            <\/div>\r\n                        <\/div>\r\n                                            <div class=\"col-lg-4 col-md-6\" data-cues=\"fadeInUp\">\r\n                            <div class=\"choose-card\">     \r\n                                                                    <div class=\"image\">\r\n                                        <img decoding=\"async\" src=\"https:\/\/casulo.pt\/wp-content\/uploads\/2024\/02\/T0-Casal-Suite02.jpg\" alt=\"\">\r\n                                        \r\n                                        <div class=\"price\">\r\n                                            <span class=\"mphb-price\"><span class=\"mphb-currency\">&euro;<\/span>9.14<\/span> <span class=\"mphb-price-period\" title=\"Choose dates to see relevant prices\">per night<\/span>                                        <\/div>\r\n                                        \r\n                                    <\/div>\r\n                                \r\n                                <div class=\"content-icon\">\r\n                                    <div class=\"content\">\r\n                                        <h3>\r\n                                            <a href=\"https:\/\/casulo.pt\/en\/accommodation\/essence-single-room-north\/\">T0 Double Suite<\/a>\r\n                                        <\/h3>\r\n                                        <p>Perfeito para casais que necessitem de maior espa\u00e7o de arruma\u00e7\u00e3o. 1 Cama de casal \u00b7 Roupa de cama (len\u00e7\u00f3is, edred\u00e3o, almofadas) \u00b7\u00a0Atoalhados \u00b7\u00a0Aquecimento individual com termostato \u00b7\u00a0Kitchenette independente \u00b7\u00a0Mais de 35m2; * pre\u00e7o para estudante em contratos de 11 meses<\/p>\n                                       \r\n                                        <ul class=\"choose-list\">\r\n                                                                                                                                        <li class=\"mphb-room-type-total-capacity\">\r\n                                                    <span class=\"mphb-attribute-value\">\r\n                                                        2                                                    <\/span>\r\n                                                    <span class=\"mphb-attribute-title mphb-total-capacity-title\">PERSON<\/span>\r\n                                                <\/li>\r\n                                                                                        \r\n                                                                                            <li class=\"mphb-room-type-size\">\r\n                                                    <span class=\"mphb-attribute-value\">\r\n                                                        26                                                    <\/span>\r\n                                                    <span class=\"mphb-attribute-title mphb-view-title\">m2<\/span>\r\n                                                <\/li>\r\n                                                                                    <\/ul>\r\n                                    <\/div>\r\n                                                                            <a href=\"https:\/\/casulo.pt\/en\/accommodation\/essence-single-room-north\/\" class=\"icon\"><i class=\"flaticon-next\"><\/i><\/a>\r\n                                                                    <\/div>\r\n                            <\/div>\r\n                        <\/div>\r\n                                                        <\/div>\r\n                <div class=\"pagination-area text-center mt-60\">\r\n                    <nav aria-label=\"navigation\">\r\n                    <span aria-label=\"Page 1\" aria-current=\"page\" class=\"page-numbers current\" data-no-translation-aria-label=\"\">1<\/span>\n<a aria-label=\"Page 2\" class=\"page-numbers\" href=\"https:\/\/casulo.pt\/en\/wp-json\/wp\/v2\/pages\/1248\/page\/2\/\" data-no-translation-aria-label=\"\">2<\/a>\n<a class=\"next page-numbers\" href=\"https:\/\/casulo.pt\/en\/wp-json\/wp\/v2\/pages\/1248\/page\/2\/\"><i class=\"flaticon-right-arrow-angle\"><\/i><\/a>  \r\n                    <\/nav>\r\n                <\/div>\r\n            <\/div>\r\n        <\/div>\r\n\r\n        \t\t\t\t<\/div>\n\t\t\t\t<\/div>\n\t\t\t\t<\/div>\n\t\t\t\t<\/div>","protected":false},"excerpt":{"rendered":"<p>Choose the best room for your next stay &#36;310 per night Bliss East View including all day inclusive package King Size 3 Bed 5 PERSON 46 m2 &#36;270 per night Luxury Room including all day inclusive package King Size Bed 2 PERSON 30 m2 &#36;240 per night Bliss West including all day inclusive package King <\/p>","protected":false},"author":0,"featured_media":0,"parent":0,"menu_order":0,"comment_status":"closed","ping_status":"closed","template":"","meta":{"_acf_changed":false,"footnotes":""},"class_list":["post-1248","page","type-page","status-publish","hentry"],"acf":[],"_links":{"self":[{"href":"https:\/\/casulo.pt\/en\/wp-json\/wp\/v2\/pages\/1248","targetHints":{"allow":["GET"]}}],"collection":[{"href":"https:\/\/casulo.pt\/en\/wp-json\/wp\/v2\/pages"}],"about":[{"href":"https:\/\/casulo.pt\/en\/wp-json\/wp\/v2\/types\/page"}],"replies":[{"embeddable":true,"href":"https:\/\/casulo.pt\/en\/wp-json\/wp\/v2\/comments?post=1248"}],"version-history":[{"count":4,"href":"https:\/\/casulo.pt\/en\/wp-json\/wp\/v2\/pages\/1248\/revisions"}],"predecessor-version":[{"id":1252,"href":"https:\/\/casulo.pt\/en\/wp-json\/wp\/v2\/pages\/1248\/revisions\/1252"}],"wp:attachment":[{"href":"https:\/\/casulo.pt\/en\/wp-json\/wp\/v2\/media?parent=1248"}],"curies":[{"name":"wp","href":"https:\/\/api.w.org\/{rel}","templated":true}]}}